{"id":566,"date":"2016-09-13T10:25:19","date_gmt":"2016-09-13T08:25:19","guid":{"rendered":"http:\/\/www.freiraum-gestalten-menden.de\/Web\/?page_id=566"},"modified":"2024-04-25T14:37:48","modified_gmt":"2024-04-25T12:37:48","slug":"andreadoerfers","status":"publish","type":"page","link":"https:\/\/www.freiraum-gestalten-menden.de\/Web\/andreadoerfers\/","title":{"rendered":"Andrea D\u00f6rfers"},"content":{"rendered":"\n<figure class=\"wp-block-image size-full is-resized\"><img fetchpriority=\"high\" decoding=\"async\" width=\"1920\" height=\"709\" src=\"http:\/\/www.freiraum-gestalten-menden.de\/Web\/wp-content\/uploads\/2024\/04\/FRG-AD.jpg\" alt=\"\" class=\"wp-image-2921\" style=\"width:800px\" srcset=\"https:\/\/www.freiraum-gestalten-menden.de\/Web\/wp-content\/uploads\/2024\/04\/FRG-AD.jpg 1920w, https:\/\/www.freiraum-gestalten-menden.de\/Web\/wp-content\/uploads\/2024\/04\/FRG-AD-300x111.jpg 300w, https:\/\/www.freiraum-gestalten-menden.de\/Web\/wp-content\/uploads\/2024\/04\/FRG-AD-1024x378.jpg 1024w, https:\/\/www.freiraum-gestalten-menden.de\/Web\/wp-content\/uploads\/2024\/04\/FRG-AD-768x284.jpg 768w, https:\/\/www.freiraum-gestalten-menden.de\/Web\/wp-content\/uploads\/2024\/04\/FRG-AD-1536x567.jpg 1536w\" sizes=\"(max-width: 1920px) 100vw, 1920px\" \/><\/figure>\n\n\n\n<p>geb. 1958 in Welver bei Soest<br>Abitur in Menden (Sauerland)<br>Kunst-, Kunstgeschichte- und Musikstudium<br>in M\u00fcnster und D\u00fcsseldorf (Malereistudium bei Kuno Gonschior)<br>Lehramt Sek.I, Gymnasium<br>Kunstlehrerin am St\u00e4dt. Heilig-Geist-Gymnasium Menden<br>heute: St\u00e4dt. Gymnasium an der H\u00f6nne, Menden<br>Kunstprojekte mit Jugendlichen im \u00f6ffentlichen Raum<br>Mitarbeit im Forum &#8222;Kultur und Schule&#8220; der Stadt Menden<\/p>\n\n\n\n<p>freie k\u00fcnstlerische T\u00e4tigkeit<br>\u00f6ffentliche Ausstellungen im In- und Ausland seit 2008<br>lebt und arbeitet in Menden<\/p>\n\n\n\n<p>\u00d6ffentliche Sammlung: Werner Richard-Dr. Carl D\u00f6rken Stiftung, Herdecke<br>Mitglied im Kunstverein Kreis Soest e.V.<br>Mitglied im bbk-westfalen e.V.<\/p>\n\n\n\n<p>Kontakt:<br>Andrea D\u00f6rfers<br>Mail: <a href=\"mailto:andreadoerfers@freenet.de\">andreadoerfers@freenet.de<\/a><\/p>\n\n\n\n<p><a rel=\"noreferrer noopener\" href=\"http:\/\/www.andreadoerfers.de\" target=\"_blank\">www.andreadoerfers.de<\/a><\/p>\n\n\n\n<div style=\"height:40px\" aria-hidden=\"true\" class=\"wp-block-spacer\"><\/div>\n\n\n\n<figure class=\"wp-block-embed is-type-video is-provider-youtube wp-block-embed-youtube wp-embed-aspect-16-9 wp-has-aspect-ratio\"><div class=\"wp-block-embed__wrapper\">\n<iframe title=\"Freiraum Gestalten: Andrea D\u00f6rfers - Ausstellung 11.-13.11.2016\" width=\"800\" height=\"450\" src=\"https:\/\/www.youtube.com\/embed\/rJ8YZiCvSHQ?feature=oembed\" frameborder=\"0\" allow=\"accelerometer; autoplay; clipboard-write; encrypted-media; gyroscope; picture-in-picture; web-share\" referrerpolicy=\"strict-origin-when-cross-origin\" allowfullscreen><\/iframe>\n<\/div><\/figure>\n\n\n\n<div style=\"height:60px\" aria-hidden=\"true\" class=\"wp-block-spacer\"><\/div>\n\n\n\n<p><strong>Hier finden Sie Beispiele meiner Arbeiten:<\/strong><\/p>\n\n\n\n<figure class=\"wp-block-gallery has-nested-images columns-default is-cropped wp-block-gallery-1 is-layout-flex wp-block-gallery-is-layout-flex\">\n<figure class=\"wp-block-image size-large\"><img decoding=\"async\" width=\"1024\" height=\"768\" data-id=\"647\" src=\"https:\/\/www.freiraum-gestalten-menden.de\/Web\/wp-content\/uploads\/2016\/11\/03-1024x768.jpg\" alt=\"\" class=\"wp-image-647\" srcset=\"https:\/\/www.freiraum-gestalten-menden.de\/Web\/wp-content\/uploads\/2016\/11\/03-1024x768.jpg 1024w, https:\/\/www.freiraum-gestalten-menden.de\/Web\/wp-content\/uploads\/2016\/11\/03-300x225.jpg 300w, https:\/\/www.freiraum-gestalten-menden.de\/Web\/wp-content\/uploads\/2016\/11\/03-768x576.jpg 768w\" sizes=\"(max-width: 1024px) 100vw, 1024px\" \/><\/figure>\n\n\n\n<figure class=\"wp-block-image size-large\"><img decoding=\"async\" width=\"1024\" height=\"768\" data-id=\"648\" src=\"https:\/\/www.freiraum-gestalten-menden.de\/Web\/wp-content\/uploads\/2016\/11\/04-1024x768.jpg\" alt=\"\" class=\"wp-image-648\" srcset=\"https:\/\/www.freiraum-gestalten-menden.de\/Web\/wp-content\/uploads\/2016\/11\/04-1024x768.jpg 1024w, https:\/\/www.freiraum-gestalten-menden.de\/Web\/wp-content\/uploads\/2016\/11\/04-300x225.jpg 300w, https:\/\/www.freiraum-gestalten-menden.de\/Web\/wp-content\/uploads\/2016\/11\/04-768x576.jpg 768w\" sizes=\"(max-width: 1024px) 100vw, 1024px\" \/><\/figure>\n\n\n\n<figure class=\"wp-block-image size-large\"><img loading=\"lazy\" decoding=\"async\" width=\"1024\" height=\"678\" data-id=\"652\" src=\"https:\/\/www.freiraum-gestalten-menden.de\/Web\/wp-content\/uploads\/2016\/11\/08-1024x678.jpg\" alt=\"\" class=\"wp-image-652\" srcset=\"https:\/\/www.freiraum-gestalten-menden.de\/Web\/wp-content\/uploads\/2016\/11\/08-1024x678.jpg 1024w, https:\/\/www.freiraum-gestalten-menden.de\/Web\/wp-content\/uploads\/2016\/11\/08-300x199.jpg 300w, https:\/\/www.freiraum-gestalten-menden.de\/Web\/wp-content\/uploads\/2016\/11\/08-768x509.jpg 768w\" sizes=\"(max-width: 1024px) 100vw, 1024px\" \/><\/figure>\n\n\n\n<figure class=\"wp-block-image size-large\"><img loading=\"lazy\" decoding=\"async\" width=\"1024\" height=\"768\" data-id=\"651\" src=\"https:\/\/www.freiraum-gestalten-menden.de\/Web\/wp-content\/uploads\/2016\/11\/07-1024x768.jpg\" alt=\"\" class=\"wp-image-651\" srcset=\"https:\/\/www.freiraum-gestalten-menden.de\/Web\/wp-content\/uploads\/2016\/11\/07-1024x768.jpg 1024w, https:\/\/www.freiraum-gestalten-menden.de\/Web\/wp-content\/uploads\/2016\/11\/07-300x225.jpg 300w, https:\/\/www.freiraum-gestalten-menden.de\/Web\/wp-content\/uploads\/2016\/11\/07-768x576.jpg 768w, https:\/\/www.freiraum-gestalten-menden.de\/Web\/wp-content\/uploads\/2016\/11\/07.jpg 1103w\" sizes=\"(max-width: 1024px) 100vw, 1024px\" \/><\/figure>\n\n\n\n<figure class=\"wp-block-image size-large\"><img loading=\"lazy\" decoding=\"async\" width=\"1024\" height=\"678\" data-id=\"646\" src=\"https:\/\/www.freiraum-gestalten-menden.de\/Web\/wp-content\/uploads\/2016\/11\/02-1024x678.jpg\" alt=\"\" class=\"wp-image-646\" srcset=\"https:\/\/www.freiraum-gestalten-menden.de\/Web\/wp-content\/uploads\/2016\/11\/02-1024x678.jpg 1024w, https:\/\/www.freiraum-gestalten-menden.de\/Web\/wp-content\/uploads\/2016\/11\/02-300x199.jpg 300w, https:\/\/www.freiraum-gestalten-menden.de\/Web\/wp-content\/uploads\/2016\/11\/02-768x509.jpg 768w\" sizes=\"(max-width: 1024px) 100vw, 1024px\" \/><\/figure>\n<\/figure>\n\n\n\n<div style=\"height:60px\" aria-hidden=\"true\" class=\"wp-block-spacer\"><\/div>\n","protected":false},"excerpt":{"rendered":"<p>geb. 1958 in Welver bei SoestAbitur in Menden (Sauerland)Kunst-, Kunstgeschichte- und Musikstudiumin M\u00fcnster und D\u00fcsseldorf (Malereistudium bei Kuno Gonschior)Lehramt Sek.I, GymnasiumKunstlehrerin am St\u00e4dt. Heilig-Geist-Gymnasium Mendenheute: St\u00e4dt. Gymnasium an der H\u00f6nne, MendenKunstprojekte mit Jugendlichen im \u00f6ffentlichen RaumMitarbeit im Forum &#8222;Kultur und Schule&#8220; der Stadt Menden freie k\u00fcnstlerische T\u00e4tigkeit\u00f6ffentliche Ausstellungen im In- und Ausland seit 2008lebt und [&hellip;]<\/p>\n","protected":false},"author":2,"featured_media":0,"parent":0,"menu_order":0,"comment_status":"closed","ping_status":"closed","template":"","meta":{"footnotes":""},"class_list":["post-566","page","type-page","status-publish","hentry"],"yoast_head":"<!-- This site is optimized with the Yoast SEO plugin v25.6 - https:\/\/yoast.com\/wordpress\/plugins\/seo\/ -->\n<title>Andrea D\u00f6rfers - Freiraum Gestalten Menden<\/title>\n<meta name=\"description\" content=\"Beschreibung der K\u00fcnstlerin Andrea D\u00f6rfers\" \/>\n<meta name=\"robots\" content=\"index, follow, max-snippet:-1, max-image-preview:large, max-video-preview:-1\" \/>\n<link rel=\"canonical\" href=\"https:\/\/www.freiraum-gestalten-menden.de\/Web\/andreadoerfers\/\" \/>\n<meta property=\"og:locale\" content=\"de_DE\" \/>\n<meta property=\"og:type\" content=\"article\" \/>\n<meta property=\"og:title\" content=\"Andrea D\u00f6rfers - Freiraum Gestalten Menden\" \/>\n<meta property=\"og:description\" content=\"Beschreibung der K\u00fcnstlerin Andrea D\u00f6rfers\" \/>\n<meta property=\"og:url\" content=\"https:\/\/www.freiraum-gestalten-menden.de\/Web\/andreadoerfers\/\" \/>\n<meta property=\"og:site_name\" content=\"Freiraum Gestalten Menden\" \/>\n<meta property=\"article:publisher\" content=\"https:\/\/www.facebook.com\/FreiraumGestaltenMenden\" \/>\n<meta property=\"article:modified_time\" content=\"2024-04-25T12:37:48+00:00\" \/>\n<meta property=\"og:image\" content=\"http:\/\/www.freiraum-gestalten-menden.de\/Web\/wp-content\/uploads\/2024\/04\/FRG-AD.jpg\" \/>\n<meta name=\"twitter:card\" content=\"summary_large_image\" \/>\n<meta name=\"twitter:label1\" content=\"Gesch\u00e4tzte Lesezeit\" \/>\n\t<meta name=\"twitter:data1\" content=\"2\u00a0Minuten\" \/>\n<script type=\"application\/ld+json\" class=\"yoast-schema-graph\">{\"@context\":\"https:\/\/schema.org\",\"@graph\":[{\"@type\":\"WebPage\",\"@id\":\"https:\/\/www.freiraum-gestalten-menden.de\/Web\/andreadoerfers\/\",\"url\":\"https:\/\/www.freiraum-gestalten-menden.de\/Web\/andreadoerfers\/\",\"name\":\"Andrea D\u00f6rfers - Freiraum Gestalten Menden\",\"isPartOf\":{\"@id\":\"https:\/\/www.freiraum-gestalten-menden.de\/Web\/#website\"},\"primaryImageOfPage\":{\"@id\":\"https:\/\/www.freiraum-gestalten-menden.de\/Web\/andreadoerfers\/#primaryimage\"},\"image\":{\"@id\":\"https:\/\/www.freiraum-gestalten-menden.de\/Web\/andreadoerfers\/#primaryimage\"},\"thumbnailUrl\":\"http:\/\/www.freiraum-gestalten-menden.de\/Web\/wp-content\/uploads\/2024\/04\/FRG-AD.jpg\",\"datePublished\":\"2016-09-13T08:25:19+00:00\",\"dateModified\":\"2024-04-25T12:37:48+00:00\",\"description\":\"Beschreibung der K\u00fcnstlerin Andrea D\u00f6rfers\",\"breadcrumb\":{\"@id\":\"https:\/\/www.freiraum-gestalten-menden.de\/Web\/andreadoerfers\/#breadcrumb\"},\"inLanguage\":\"de\",\"potentialAction\":[{\"@type\":\"ReadAction\",\"target\":[\"https:\/\/www.freiraum-gestalten-menden.de\/Web\/andreadoerfers\/\"]}]},{\"@type\":\"ImageObject\",\"inLanguage\":\"de\",\"@id\":\"https:\/\/www.freiraum-gestalten-menden.de\/Web\/andreadoerfers\/#primaryimage\",\"url\":\"https:\/\/www.freiraum-gestalten-menden.de\/Web\/wp-content\/uploads\/2024\/04\/FRG-AD.jpg\",\"contentUrl\":\"https:\/\/www.freiraum-gestalten-menden.de\/Web\/wp-content\/uploads\/2024\/04\/FRG-AD.jpg\",\"width\":1920,\"height\":709},{\"@type\":\"BreadcrumbList\",\"@id\":\"https:\/\/www.freiraum-gestalten-menden.de\/Web\/andreadoerfers\/#breadcrumb\",\"itemListElement\":[{\"@type\":\"ListItem\",\"position\":1,\"name\":\"Startseite\",\"item\":\"https:\/\/www.freiraum-gestalten-menden.de\/Web\/\"},{\"@type\":\"ListItem\",\"position\":2,\"name\":\"Andrea D\u00f6rfers\"}]},{\"@type\":\"WebSite\",\"@id\":\"https:\/\/www.freiraum-gestalten-menden.de\/Web\/#website\",\"url\":\"https:\/\/www.freiraum-gestalten-menden.de\/Web\/\",\"name\":\"Freiraum Gestalten Menden\",\"description\":\"Gemeinschaft Mendener K\u00fcnstler\",\"publisher\":{\"@id\":\"https:\/\/www.freiraum-gestalten-menden.de\/Web\/#organization\"},\"potentialAction\":[{\"@type\":\"SearchAction\",\"target\":{\"@type\":\"EntryPoint\",\"urlTemplate\":\"https:\/\/www.freiraum-gestalten-menden.de\/Web\/?s={search_term_string}\"},\"query-input\":{\"@type\":\"PropertyValueSpecification\",\"valueRequired\":true,\"valueName\":\"search_term_string\"}}],\"inLanguage\":\"de\"},{\"@type\":\"Organization\",\"@id\":\"https:\/\/www.freiraum-gestalten-menden.de\/Web\/#organization\",\"name\":\"Freiraum Gestalten Menden\",\"url\":\"https:\/\/www.freiraum-gestalten-menden.de\/Web\/\",\"logo\":{\"@type\":\"ImageObject\",\"inLanguage\":\"de\",\"@id\":\"https:\/\/www.freiraum-gestalten-menden.de\/Web\/#\/schema\/logo\/image\/\",\"url\":\"https:\/\/www.freiraum-gestalten-menden.de\/Web\/wp-content\/uploads\/2024\/04\/FRG-FB-G.jpg\",\"contentUrl\":\"https:\/\/www.freiraum-gestalten-menden.de\/Web\/wp-content\/uploads\/2024\/04\/FRG-FB-G.jpg\",\"width\":1181,\"height\":1181,\"caption\":\"Freiraum Gestalten Menden\"},\"image\":{\"@id\":\"https:\/\/www.freiraum-gestalten-menden.de\/Web\/#\/schema\/logo\/image\/\"},\"sameAs\":[\"https:\/\/www.facebook.com\/FreiraumGestaltenMenden\"]}]}<\/script>\n<!-- \/ Yoast SEO plugin. -->","yoast_head_json":{"title":"Andrea D\u00f6rfers - Freiraum Gestalten Menden","description":"Beschreibung der K\u00fcnstlerin Andrea D\u00f6rfers","robots":{"index":"index","follow":"follow","max-snippet":"max-snippet:-1","max-image-preview":"max-image-preview:large","max-video-preview":"max-video-preview:-1"},"canonical":"https:\/\/www.freiraum-gestalten-menden.de\/Web\/andreadoerfers\/","og_locale":"de_DE","og_type":"article","og_title":"Andrea D\u00f6rfers - Freiraum Gestalten Menden","og_description":"Beschreibung der K\u00fcnstlerin Andrea D\u00f6rfers","og_url":"https:\/\/www.freiraum-gestalten-menden.de\/Web\/andreadoerfers\/","og_site_name":"Freiraum Gestalten Menden","article_publisher":"https:\/\/www.facebook.com\/FreiraumGestaltenMenden","article_modified_time":"2024-04-25T12:37:48+00:00","og_image":[{"url":"http:\/\/www.freiraum-gestalten-menden.de\/Web\/wp-content\/uploads\/2024\/04\/FRG-AD.jpg","type":"","width":"","height":""}],"twitter_card":"summary_large_image","twitter_misc":{"Gesch\u00e4tzte Lesezeit":"2\u00a0Minuten"},"schema":{"@context":"https:\/\/schema.org","@graph":[{"@type":"WebPage","@id":"https:\/\/www.freiraum-gestalten-menden.de\/Web\/andreadoerfers\/","url":"https:\/\/www.freiraum-gestalten-menden.de\/Web\/andreadoerfers\/","name":"Andrea D\u00f6rfers - Freiraum Gestalten Menden","isPartOf":{"@id":"https:\/\/www.freiraum-gestalten-menden.de\/Web\/#website"},"primaryImageOfPage":{"@id":"https:\/\/www.freiraum-gestalten-menden.de\/Web\/andreadoerfers\/#primaryimage"},"image":{"@id":"https:\/\/www.freiraum-gestalten-menden.de\/Web\/andreadoerfers\/#primaryimage"},"thumbnailUrl":"http:\/\/www.freiraum-gestalten-menden.de\/Web\/wp-content\/uploads\/2024\/04\/FRG-AD.jpg","datePublished":"2016-09-13T08:25:19+00:00","dateModified":"2024-04-25T12:37:48+00:00","description":"Beschreibung der K\u00fcnstlerin Andrea D\u00f6rfers","breadcrumb":{"@id":"https:\/\/www.freiraum-gestalten-menden.de\/Web\/andreadoerfers\/#breadcrumb"},"inLanguage":"de","potentialAction":[{"@type":"ReadAction","target":["https:\/\/www.freiraum-gestalten-menden.de\/Web\/andreadoerfers\/"]}]},{"@type":"ImageObject","inLanguage":"de","@id":"https:\/\/www.freiraum-gestalten-menden.de\/Web\/andreadoerfers\/#primaryimage","url":"https:\/\/www.freiraum-gestalten-menden.de\/Web\/wp-content\/uploads\/2024\/04\/FRG-AD.jpg","contentUrl":"https:\/\/www.freiraum-gestalten-menden.de\/Web\/wp-content\/uploads\/2024\/04\/FRG-AD.jpg","width":1920,"height":709},{"@type":"BreadcrumbList","@id":"https:\/\/www.freiraum-gestalten-menden.de\/Web\/andreadoerfers\/#breadcrumb","itemListElement":[{"@type":"ListItem","position":1,"name":"Startseite","item":"https:\/\/www.freiraum-gestalten-menden.de\/Web\/"},{"@type":"ListItem","position":2,"name":"Andrea D\u00f6rfers"}]},{"@type":"WebSite","@id":"https:\/\/www.freiraum-gestalten-menden.de\/Web\/#website","url":"https:\/\/www.freiraum-gestalten-menden.de\/Web\/","name":"Freiraum Gestalten Menden","description":"Gemeinschaft Mendener K\u00fcnstler","publisher":{"@id":"https:\/\/www.freiraum-gestalten-menden.de\/Web\/#organization"},"potentialAction":[{"@type":"SearchAction","target":{"@type":"EntryPoint","urlTemplate":"https:\/\/www.freiraum-gestalten-menden.de\/Web\/?s={search_term_string}"},"query-input":{"@type":"PropertyValueSpecification","valueRequired":true,"valueName":"search_term_string"}}],"inLanguage":"de"},{"@type":"Organization","@id":"https:\/\/www.freiraum-gestalten-menden.de\/Web\/#organization","name":"Freiraum Gestalten Menden","url":"https:\/\/www.freiraum-gestalten-menden.de\/Web\/","logo":{"@type":"ImageObject","inLanguage":"de","@id":"https:\/\/www.freiraum-gestalten-menden.de\/Web\/#\/schema\/logo\/image\/","url":"https:\/\/www.freiraum-gestalten-menden.de\/Web\/wp-content\/uploads\/2024\/04\/FRG-FB-G.jpg","contentUrl":"https:\/\/www.freiraum-gestalten-menden.de\/Web\/wp-content\/uploads\/2024\/04\/FRG-FB-G.jpg","width":1181,"height":1181,"caption":"Freiraum Gestalten Menden"},"image":{"@id":"https:\/\/www.freiraum-gestalten-menden.de\/Web\/#\/schema\/logo\/image\/"},"sameAs":["https:\/\/www.facebook.com\/FreiraumGestaltenMenden"]}]}},"_links":{"self":[{"href":"https:\/\/www.freiraum-gestalten-menden.de\/Web\/wp-json\/wp\/v2\/pages\/566"}],"collection":[{"href":"https:\/\/www.freiraum-gestalten-menden.de\/Web\/wp-json\/wp\/v2\/pages"}],"about":[{"href":"https:\/\/www.freiraum-gestalten-menden.de\/Web\/wp-json\/wp\/v2\/types\/page"}],"author":[{"embeddable":true,"href":"https:\/\/www.freiraum-gestalten-menden.de\/Web\/wp-json\/wp\/v2\/users\/2"}],"replies":[{"embeddable":true,"href":"https:\/\/www.freiraum-gestalten-menden.de\/Web\/wp-json\/wp\/v2\/comments?post=566"}],"version-history":[{"count":0,"href":"https:\/\/www.freiraum-gestalten-menden.de\/Web\/wp-json\/wp\/v2\/pages\/566\/revisions"}],"wp:attachment":[{"href":"https:\/\/www.freiraum-gestalten-menden.de\/Web\/wp-json\/wp\/v2\/media?parent=566"}],"curies":[{"name":"wp","href":"https:\/\/api.w.org\/{rel}","templated":true}]}}