{"id":2388,"date":"2021-05-21T15:06:52","date_gmt":"2021-05-21T13:06:52","guid":{"rendered":"http:\/\/www.freiraum-gestalten-menden.de\/Web\/?page_id=2388"},"modified":"2024-04-25T14:41:09","modified_gmt":"2024-04-25T12:41:09","slug":"margit-huebner","status":"publish","type":"page","link":"https:\/\/www.freiraum-gestalten-menden.de\/Web\/margit-huebner\/","title":{"rendered":"Margit H\u00fcbner"},"content":{"rendered":"\n<figure class=\"wp-block-image size-full is-resized\"><img fetchpriority=\"high\" decoding=\"async\" width=\"1920\" height=\"709\" src=\"http:\/\/www.freiraum-gestalten-menden.de\/Web\/wp-content\/uploads\/2024\/04\/FRG-MH.jpg\" alt=\"\" class=\"wp-image-2926\" style=\"width:800px\" srcset=\"https:\/\/www.freiraum-gestalten-menden.de\/Web\/wp-content\/uploads\/2024\/04\/FRG-MH.jpg 1920w, https:\/\/www.freiraum-gestalten-menden.de\/Web\/wp-content\/uploads\/2024\/04\/FRG-MH-300x111.jpg 300w, https:\/\/www.freiraum-gestalten-menden.de\/Web\/wp-content\/uploads\/2024\/04\/FRG-MH-1024x378.jpg 1024w, https:\/\/www.freiraum-gestalten-menden.de\/Web\/wp-content\/uploads\/2024\/04\/FRG-MH-768x284.jpg 768w, https:\/\/www.freiraum-gestalten-menden.de\/Web\/wp-content\/uploads\/2024\/04\/FRG-MH-1536x567.jpg 1536w\" sizes=\"(max-width: 1920px) 100vw, 1920px\" \/><\/figure>\n\n\n\n<p>Freischaffende K\u00fcnstlerin<br>Malerei Grafik Illustrationen<\/p>\n\n\n\n<p>Ich heisse Margit H\u00fcbner, bin 1959 in Menden in Deutschland geboren, bin verwitwet und Mutter eines erwachsenen Sohnes. 2020 schloss ich mein Studium der Malerei und Grafik mit Diplom und als Meistersch\u00fclerin von Andreas Christ ab.<\/p>\n\n\n\n<p>Das Leben geht oft seltsame Wege, aber es gibt ja auch die Pfade, die in eine spannende Richtung f\u00fchren. Alles fliesst, panta rhei, ist das Motto meines Lebens. Ich bin fasziniert von Energiestr\u00f6men, die ich mit dynamischen Pinselstrichen in einer prozesshaften Vorgehensweise aufgreife. F\u00fcr mich fliesst und floss alles zusammen, das Leben, die Kunst, das Sein. Ich habe es mir zur Aufgabe gemacht, auf den Ideen und Schaffensprozessen von K\u00fcnstlergenerationen vor mir aufzubauen, und daraus meine Kunst entwickelt.<\/p>\n\n\n\n<p>In meinen expressionistischen Lautleben verwandel ich Stillleben in Szenerien voller Vitalit\u00e4t.<\/p>\n\n\n\n<p>Ich bringe Stillleben in einen anderen Kontext, deren vorrangiges Thema die Dynamik ist.<\/p>\n\n\n\n<p>Dabei folge ich einer Dramaturgie aus Farben und Formen, die im Gewand eines abstrakten Vorhangs ein gegenst\u00e4ndliches Geheimnis l\u00fcftet.<\/p>\n\n\n\n<p>Welche Auswirkung hat diese dynamische Malerei auf das Wohlbefinden und die Vitalit\u00e4t der Sinne?<\/p>\n\n\n\n<p>Die Leinwand ist f\u00fcr mich wie eine B\u00fchne, die ich betrete, auf der ich mein Theater erschaffen kann. Eine Welt der in Farbe geformten Gedanken, die bereit sind zu korrespondieren und zu kommunizieren, zuerst mit mir, der Kunstschaffenden und dann mit interessierten Betrachtern, die sich von dieser Lebendigkeit angezogen f\u00fchlen.<\/p>\n\n\n\n<p><a href=\"https:\/\/www.facebook.com\/margit.huebner\" target=\"_blank\" rel=\"noreferrer noopener\">facebook Margit H\u00fcbner Margits Art<\/a><\/p>\n\n\n\n<p><a href=\"http:\/\/www.margitsart-3000.jimdo.com\/\" target=\"_blank\" rel=\"noreferrer noopener\">www.margitsart-3000.jimdo.com<\/a><\/p>\n\n\n\n<p><a rel=\"noreferrer noopener\" href=\"https:\/\/www.instagram.com\/margitsart\/\" target=\"_blank\">instagram\/ margitsart<\/a><\/p>\n\n\n\n<div style=\"height:60px\" aria-hidden=\"true\" class=\"wp-block-spacer\"><\/div>\n\n\n\n<p><strong>Hier finden Sie Beispiele meiner Arbeiten:<\/strong><\/p>\n\n\n\n<figure class=\"wp-block-gallery has-nested-images columns-default is-cropped wp-block-gallery-1 is-layout-flex wp-block-gallery-is-layout-flex\">\n<figure class=\"wp-block-image size-large\"><img decoding=\"async\" width=\"960\" height=\"750\" data-id=\"2392\" src=\"https:\/\/www.freiraum-gestalten-menden.de\/Web\/wp-content\/uploads\/2021\/05\/119702703_3315251788564277_6744681060466446235_n.jpg\" alt=\"\" class=\"wp-image-2392\" srcset=\"https:\/\/www.freiraum-gestalten-menden.de\/Web\/wp-content\/uploads\/2021\/05\/119702703_3315251788564277_6744681060466446235_n.jpg 960w, https:\/\/www.freiraum-gestalten-menden.de\/Web\/wp-content\/uploads\/2021\/05\/119702703_3315251788564277_6744681060466446235_n-300x234.jpg 300w, https:\/\/www.freiraum-gestalten-menden.de\/Web\/wp-content\/uploads\/2021\/05\/119702703_3315251788564277_6744681060466446235_n-768x600.jpg 768w\" sizes=\"(max-width: 960px) 100vw, 960px\" \/><\/figure>\n\n\n\n<figure class=\"wp-block-image size-large\"><img decoding=\"async\" width=\"1024\" height=\"814\" data-id=\"2393\" src=\"https:\/\/www.freiraum-gestalten-menden.de\/Web\/wp-content\/uploads\/2021\/05\/149314347_3731135120309273_6015664527007057987_o-1024x814.jpg\" alt=\"\" class=\"wp-image-2393\" srcset=\"https:\/\/www.freiraum-gestalten-menden.de\/Web\/wp-content\/uploads\/2021\/05\/149314347_3731135120309273_6015664527007057987_o-1024x814.jpg 1024w, https:\/\/www.freiraum-gestalten-menden.de\/Web\/wp-content\/uploads\/2021\/05\/149314347_3731135120309273_6015664527007057987_o-300x238.jpg 300w, https:\/\/www.freiraum-gestalten-menden.de\/Web\/wp-content\/uploads\/2021\/05\/149314347_3731135120309273_6015664527007057987_o-768x610.jpg 768w, https:\/\/www.freiraum-gestalten-menden.de\/Web\/wp-content\/uploads\/2021\/05\/149314347_3731135120309273_6015664527007057987_o.jpg 1440w\" sizes=\"(max-width: 1024px) 100vw, 1024px\" \/><\/figure>\n\n\n\n<figure class=\"wp-block-image size-large\"><img loading=\"lazy\" decoding=\"async\" width=\"960\" height=\"960\" data-id=\"2394\" src=\"https:\/\/www.freiraum-gestalten-menden.de\/Web\/wp-content\/uploads\/2021\/05\/MaedchenmitGiesskanne.jpg\" alt=\"\" class=\"wp-image-2394\" srcset=\"https:\/\/www.freiraum-gestalten-menden.de\/Web\/wp-content\/uploads\/2021\/05\/MaedchenmitGiesskanne.jpg 960w, https:\/\/www.freiraum-gestalten-menden.de\/Web\/wp-content\/uploads\/2021\/05\/MaedchenmitGiesskanne-300x300.jpg 300w, https:\/\/www.freiraum-gestalten-menden.de\/Web\/wp-content\/uploads\/2021\/05\/MaedchenmitGiesskanne-150x150.jpg 150w, https:\/\/www.freiraum-gestalten-menden.de\/Web\/wp-content\/uploads\/2021\/05\/MaedchenmitGiesskanne-768x768.jpg 768w\" sizes=\"(max-width: 960px) 100vw, 960px\" \/><\/figure>\n<\/figure>\n\n\n\n<div style=\"height:60px\" aria-hidden=\"true\" class=\"wp-block-spacer\"><\/div>\n","protected":false},"excerpt":{"rendered":"<p>Freischaffende K\u00fcnstlerinMalerei Grafik Illustrationen Ich heisse Margit H\u00fcbner, bin 1959 in Menden in Deutschland geboren, bin verwitwet und Mutter eines erwachsenen Sohnes. 2020 schloss ich mein Studium der Malerei und Grafik mit Diplom und als Meistersch\u00fclerin von Andreas Christ ab. Das Leben geht oft seltsame Wege, aber es gibt ja auch die Pfade, die in [&hellip;]<\/p>\n","protected":false},"author":2,"featured_media":0,"parent":0,"menu_order":0,"comment_status":"closed","ping_status":"closed","template":"","meta":{"footnotes":""},"class_list":["post-2388","page","type-page","status-publish","hentry"],"yoast_head":"<!-- This site is optimized with the Yoast SEO plugin v25.6 - https:\/\/yoast.com\/wordpress\/plugins\/seo\/ -->\n<title>Margit H\u00fcbner - Freiraum Gestalten Menden<\/title>\n<meta name=\"description\" content=\"Beschreibung der K\u00fcnstlerin Margit H\u00fcbner\" \/>\n<meta name=\"robots\" content=\"index, follow, max-snippet:-1, max-image-preview:large, max-video-preview:-1\" \/>\n<link rel=\"canonical\" href=\"https:\/\/www.freiraum-gestalten-menden.de\/Web\/margit-huebner\/\" \/>\n<meta property=\"og:locale\" content=\"de_DE\" \/>\n<meta property=\"og:type\" content=\"article\" \/>\n<meta property=\"og:title\" content=\"Margit H\u00fcbner - Freiraum Gestalten Menden\" \/>\n<meta property=\"og:description\" content=\"Beschreibung der K\u00fcnstlerin Margit H\u00fcbner\" \/>\n<meta property=\"og:url\" content=\"https:\/\/www.freiraum-gestalten-menden.de\/Web\/margit-huebner\/\" \/>\n<meta property=\"og:site_name\" content=\"Freiraum Gestalten Menden\" \/>\n<meta property=\"article:publisher\" content=\"https:\/\/www.facebook.com\/FreiraumGestaltenMenden\" \/>\n<meta property=\"article:modified_time\" content=\"2024-04-25T12:41:09+00:00\" \/>\n<meta property=\"og:image\" content=\"http:\/\/www.freiraum-gestalten-menden.de\/Web\/wp-content\/uploads\/2024\/04\/FRG-MH.jpg\" \/>\n<meta name=\"twitter:card\" content=\"summary_large_image\" \/>\n<meta name=\"twitter:label1\" content=\"Gesch\u00e4tzte Lesezeit\" \/>\n\t<meta name=\"twitter:data1\" content=\"3\u00a0Minuten\" \/>\n<script type=\"application\/ld+json\" class=\"yoast-schema-graph\">{\"@context\":\"https:\/\/schema.org\",\"@graph\":[{\"@type\":\"WebPage\",\"@id\":\"https:\/\/www.freiraum-gestalten-menden.de\/Web\/margit-huebner\/\",\"url\":\"https:\/\/www.freiraum-gestalten-menden.de\/Web\/margit-huebner\/\",\"name\":\"Margit H\u00fcbner - Freiraum Gestalten Menden\",\"isPartOf\":{\"@id\":\"https:\/\/www.freiraum-gestalten-menden.de\/Web\/#website\"},\"primaryImageOfPage\":{\"@id\":\"https:\/\/www.freiraum-gestalten-menden.de\/Web\/margit-huebner\/#primaryimage\"},\"image\":{\"@id\":\"https:\/\/www.freiraum-gestalten-menden.de\/Web\/margit-huebner\/#primaryimage\"},\"thumbnailUrl\":\"http:\/\/www.freiraum-gestalten-menden.de\/Web\/wp-content\/uploads\/2024\/04\/FRG-MH.jpg\",\"datePublished\":\"2021-05-21T13:06:52+00:00\",\"dateModified\":\"2024-04-25T12:41:09+00:00\",\"description\":\"Beschreibung der K\u00fcnstlerin Margit H\u00fcbner\",\"breadcrumb\":{\"@id\":\"https:\/\/www.freiraum-gestalten-menden.de\/Web\/margit-huebner\/#breadcrumb\"},\"inLanguage\":\"de\",\"potentialAction\":[{\"@type\":\"ReadAction\",\"target\":[\"https:\/\/www.freiraum-gestalten-menden.de\/Web\/margit-huebner\/\"]}]},{\"@type\":\"ImageObject\",\"inLanguage\":\"de\",\"@id\":\"https:\/\/www.freiraum-gestalten-menden.de\/Web\/margit-huebner\/#primaryimage\",\"url\":\"https:\/\/www.freiraum-gestalten-menden.de\/Web\/wp-content\/uploads\/2024\/04\/FRG-MH.jpg\",\"contentUrl\":\"https:\/\/www.freiraum-gestalten-menden.de\/Web\/wp-content\/uploads\/2024\/04\/FRG-MH.jpg\",\"width\":1920,\"height\":709},{\"@type\":\"BreadcrumbList\",\"@id\":\"https:\/\/www.freiraum-gestalten-menden.de\/Web\/margit-huebner\/#breadcrumb\",\"itemListElement\":[{\"@type\":\"ListItem\",\"position\":1,\"name\":\"Startseite\",\"item\":\"https:\/\/www.freiraum-gestalten-menden.de\/Web\/\"},{\"@type\":\"ListItem\",\"position\":2,\"name\":\"Margit H\u00fcbner\"}]},{\"@type\":\"WebSite\",\"@id\":\"https:\/\/www.freiraum-gestalten-menden.de\/Web\/#website\",\"url\":\"https:\/\/www.freiraum-gestalten-menden.de\/Web\/\",\"name\":\"Freiraum Gestalten Menden\",\"description\":\"Gemeinschaft Mendener K\u00fcnstler\",\"publisher\":{\"@id\":\"https:\/\/www.freiraum-gestalten-menden.de\/Web\/#organization\"},\"potentialAction\":[{\"@type\":\"SearchAction\",\"target\":{\"@type\":\"EntryPoint\",\"urlTemplate\":\"https:\/\/www.freiraum-gestalten-menden.de\/Web\/?s={search_term_string}\"},\"query-input\":{\"@type\":\"PropertyValueSpecification\",\"valueRequired\":true,\"valueName\":\"search_term_string\"}}],\"inLanguage\":\"de\"},{\"@type\":\"Organization\",\"@id\":\"https:\/\/www.freiraum-gestalten-menden.de\/Web\/#organization\",\"name\":\"Freiraum Gestalten Menden\",\"url\":\"https:\/\/www.freiraum-gestalten-menden.de\/Web\/\",\"logo\":{\"@type\":\"ImageObject\",\"inLanguage\":\"de\",\"@id\":\"https:\/\/www.freiraum-gestalten-menden.de\/Web\/#\/schema\/logo\/image\/\",\"url\":\"https:\/\/www.freiraum-gestalten-menden.de\/Web\/wp-content\/uploads\/2024\/04\/FRG-FB-G.jpg\",\"contentUrl\":\"https:\/\/www.freiraum-gestalten-menden.de\/Web\/wp-content\/uploads\/2024\/04\/FRG-FB-G.jpg\",\"width\":1181,\"height\":1181,\"caption\":\"Freiraum Gestalten Menden\"},\"image\":{\"@id\":\"https:\/\/www.freiraum-gestalten-menden.de\/Web\/#\/schema\/logo\/image\/\"},\"sameAs\":[\"https:\/\/www.facebook.com\/FreiraumGestaltenMenden\"]}]}<\/script>\n<!-- \/ Yoast SEO plugin. -->","yoast_head_json":{"title":"Margit H\u00fcbner - Freiraum Gestalten Menden","description":"Beschreibung der K\u00fcnstlerin Margit H\u00fcbner","robots":{"index":"index","follow":"follow","max-snippet":"max-snippet:-1","max-image-preview":"max-image-preview:large","max-video-preview":"max-video-preview:-1"},"canonical":"https:\/\/www.freiraum-gestalten-menden.de\/Web\/margit-huebner\/","og_locale":"de_DE","og_type":"article","og_title":"Margit H\u00fcbner - Freiraum Gestalten Menden","og_description":"Beschreibung der K\u00fcnstlerin Margit H\u00fcbner","og_url":"https:\/\/www.freiraum-gestalten-menden.de\/Web\/margit-huebner\/","og_site_name":"Freiraum Gestalten Menden","article_publisher":"https:\/\/www.facebook.com\/FreiraumGestaltenMenden","article_modified_time":"2024-04-25T12:41:09+00:00","og_image":[{"url":"http:\/\/www.freiraum-gestalten-menden.de\/Web\/wp-content\/uploads\/2024\/04\/FRG-MH.jpg","type":"","width":"","height":""}],"twitter_card":"summary_large_image","twitter_misc":{"Gesch\u00e4tzte Lesezeit":"3\u00a0Minuten"},"schema":{"@context":"https:\/\/schema.org","@graph":[{"@type":"WebPage","@id":"https:\/\/www.freiraum-gestalten-menden.de\/Web\/margit-huebner\/","url":"https:\/\/www.freiraum-gestalten-menden.de\/Web\/margit-huebner\/","name":"Margit H\u00fcbner - Freiraum Gestalten Menden","isPartOf":{"@id":"https:\/\/www.freiraum-gestalten-menden.de\/Web\/#website"},"primaryImageOfPage":{"@id":"https:\/\/www.freiraum-gestalten-menden.de\/Web\/margit-huebner\/#primaryimage"},"image":{"@id":"https:\/\/www.freiraum-gestalten-menden.de\/Web\/margit-huebner\/#primaryimage"},"thumbnailUrl":"http:\/\/www.freiraum-gestalten-menden.de\/Web\/wp-content\/uploads\/2024\/04\/FRG-MH.jpg","datePublished":"2021-05-21T13:06:52+00:00","dateModified":"2024-04-25T12:41:09+00:00","description":"Beschreibung der K\u00fcnstlerin Margit H\u00fcbner","breadcrumb":{"@id":"https:\/\/www.freiraum-gestalten-menden.de\/Web\/margit-huebner\/#breadcrumb"},"inLanguage":"de","potentialAction":[{"@type":"ReadAction","target":["https:\/\/www.freiraum-gestalten-menden.de\/Web\/margit-huebner\/"]}]},{"@type":"ImageObject","inLanguage":"de","@id":"https:\/\/www.freiraum-gestalten-menden.de\/Web\/margit-huebner\/#primaryimage","url":"https:\/\/www.freiraum-gestalten-menden.de\/Web\/wp-content\/uploads\/2024\/04\/FRG-MH.jpg","contentUrl":"https:\/\/www.freiraum-gestalten-menden.de\/Web\/wp-content\/uploads\/2024\/04\/FRG-MH.jpg","width":1920,"height":709},{"@type":"BreadcrumbList","@id":"https:\/\/www.freiraum-gestalten-menden.de\/Web\/margit-huebner\/#breadcrumb","itemListElement":[{"@type":"ListItem","position":1,"name":"Startseite","item":"https:\/\/www.freiraum-gestalten-menden.de\/Web\/"},{"@type":"ListItem","position":2,"name":"Margit H\u00fcbner"}]},{"@type":"WebSite","@id":"https:\/\/www.freiraum-gestalten-menden.de\/Web\/#website","url":"https:\/\/www.freiraum-gestalten-menden.de\/Web\/","name":"Freiraum Gestalten Menden","description":"Gemeinschaft Mendener K\u00fcnstler","publisher":{"@id":"https:\/\/www.freiraum-gestalten-menden.de\/Web\/#organization"},"potentialAction":[{"@type":"SearchAction","target":{"@type":"EntryPoint","urlTemplate":"https:\/\/www.freiraum-gestalten-menden.de\/Web\/?s={search_term_string}"},"query-input":{"@type":"PropertyValueSpecification","valueRequired":true,"valueName":"search_term_string"}}],"inLanguage":"de"},{"@type":"Organization","@id":"https:\/\/www.freiraum-gestalten-menden.de\/Web\/#organization","name":"Freiraum Gestalten Menden","url":"https:\/\/www.freiraum-gestalten-menden.de\/Web\/","logo":{"@type":"ImageObject","inLanguage":"de","@id":"https:\/\/www.freiraum-gestalten-menden.de\/Web\/#\/schema\/logo\/image\/","url":"https:\/\/www.freiraum-gestalten-menden.de\/Web\/wp-content\/uploads\/2024\/04\/FRG-FB-G.jpg","contentUrl":"https:\/\/www.freiraum-gestalten-menden.de\/Web\/wp-content\/uploads\/2024\/04\/FRG-FB-G.jpg","width":1181,"height":1181,"caption":"Freiraum Gestalten Menden"},"image":{"@id":"https:\/\/www.freiraum-gestalten-menden.de\/Web\/#\/schema\/logo\/image\/"},"sameAs":["https:\/\/www.facebook.com\/FreiraumGestaltenMenden"]}]}},"_links":{"self":[{"href":"https:\/\/www.freiraum-gestalten-menden.de\/Web\/wp-json\/wp\/v2\/pages\/2388"}],"collection":[{"href":"https:\/\/www.freiraum-gestalten-menden.de\/Web\/wp-json\/wp\/v2\/pages"}],"about":[{"href":"https:\/\/www.freiraum-gestalten-menden.de\/Web\/wp-json\/wp\/v2\/types\/page"}],"author":[{"embeddable":true,"href":"https:\/\/www.freiraum-gestalten-menden.de\/Web\/wp-json\/wp\/v2\/users\/2"}],"replies":[{"embeddable":true,"href":"https:\/\/www.freiraum-gestalten-menden.de\/Web\/wp-json\/wp\/v2\/comments?post=2388"}],"version-history":[{"count":0,"href":"https:\/\/www.freiraum-gestalten-menden.de\/Web\/wp-json\/wp\/v2\/pages\/2388\/revisions"}],"wp:attachment":[{"href":"https:\/\/www.freiraum-gestalten-menden.de\/Web\/wp-json\/wp\/v2\/media?parent=2388"}],"curies":[{"name":"wp","href":"https:\/\/api.w.org\/{rel}","templated":true}]}}