{"id":2382,"date":"2021-05-21T15:00:00","date_gmt":"2021-05-21T13:00:00","guid":{"rendered":"http:\/\/www.freiraum-gestalten-menden.de\/Web\/?page_id=2382"},"modified":"2025-04-29T10:47:52","modified_gmt":"2025-04-29T08:47:52","slug":"bruno-berheide","status":"publish","type":"page","link":"https:\/\/www.freiraum-gestalten-menden.de\/Web\/bruno-berheide\/","title":{"rendered":"Bruno Berheide"},"content":{"rendered":"\n<figure class=\"wp-block-image size-full is-resized\"><img fetchpriority=\"high\" decoding=\"async\" width=\"1920\" height=\"709\" src=\"http:\/\/www.freiraum-gestalten-menden.de\/Web\/wp-content\/uploads\/2024\/04\/FRG-BH.jpg\" alt=\"\" class=\"wp-image-2925\" style=\"width:800px\" srcset=\"https:\/\/www.freiraum-gestalten-menden.de\/Web\/wp-content\/uploads\/2024\/04\/FRG-BH.jpg 1920w, https:\/\/www.freiraum-gestalten-menden.de\/Web\/wp-content\/uploads\/2024\/04\/FRG-BH-300x111.jpg 300w, https:\/\/www.freiraum-gestalten-menden.de\/Web\/wp-content\/uploads\/2024\/04\/FRG-BH-1024x378.jpg 1024w, https:\/\/www.freiraum-gestalten-menden.de\/Web\/wp-content\/uploads\/2024\/04\/FRG-BH-768x284.jpg 768w, https:\/\/www.freiraum-gestalten-menden.de\/Web\/wp-content\/uploads\/2024\/04\/FRG-BH-1536x567.jpg 1536w\" sizes=\"(max-width: 1920px) 100vw, 1920px\" \/><\/figure>\n\n\n\n<p>geb. 1952 \u2013 Studio-Keramiker\/T\u00f6pfer.<\/p>\n\n\n\n<p>Viele Jahrzehnte in Duisburg lebend, seit 2018 wohnhaft in Menden.<\/p>\n\n\n\n<p><strong>1974 -1976<\/strong><br>einige Semester Studium der \u201eVisuellen Kommunikation\u201c, Schwerpunkt Photo-Design an der Gesamthochschule Essen.<\/p>\n\n\n\n<p><strong>Seit 1981<\/strong><br>Besch\u00e4ftigung mit Keramik.<\/p>\n\n\n\n<p>Beteiligung an vielen Kunstm\u00e4rkten, etlichen privaten Ausstellungen sowie Verkaufsausstellungen in Kunstgewerbeh\u00e4usern.<\/p>\n\n\n\n<p><strong>Meine Keramik:<br><\/strong>Viele Arbeiten&nbsp;<em>drehen sich um die Scheibe<\/em>, haben also ihren Anfang auf der T\u00f6pferscheibe. Der Ton wird darauf und damit geformt und dann weiter verarbeitet, wird ggf. geschnitten, manchmal wieder verformt und bisweilen auch neu und anders zusammengesetzt. Die Arbeiten werden dann gebrannt, mit eigenen Glasuren versehen und erneut gebrannt.<\/p>\n\n\n\n<p>Es entstehen Keramiken aus Steinzeug und Porzellan. Dar\u00fcber hinaus arbeite ich in der Raku-Technik, einem besonderen Brennverfahren. Weiteres auf meiner Homepage.<\/p>\n\n\n\n<p>Homepage:\u00a0<a href=\"http:\/\/www.brunoberheide.com\" target=\"_blank\" rel=\"noreferrer noopener\">www.brunoberheide.com<\/a><\/p>\n\n\n\n<p>Kontakt:<br>Bruno Berheide<br><a href=\"mailto:gb.berheide@gmail.com\">gb.berheide@gmail.com<\/a><\/p>\n\n\n\n<div style=\"height:60px\" aria-hidden=\"true\" class=\"wp-block-spacer\"><\/div>\n\n\n\n<p><strong>Hier finden Sie Beispiele meiner Arbeiten:<\/strong><\/p>\n\n\n\n<figure class=\"wp-block-gallery has-nested-images columns-default is-cropped wp-block-gallery-1 is-layout-flex wp-block-gallery-is-layout-flex\">\n<figure class=\"wp-block-image size-large\"><img decoding=\"async\" width=\"1024\" height=\"687\" data-id=\"2381\" src=\"https:\/\/www.freiraum-gestalten-menden.de\/Web\/wp-content\/uploads\/2021\/05\/Keramik_08_001-1024x687.jpg\" alt=\"\" class=\"wp-image-2381\" srcset=\"https:\/\/www.freiraum-gestalten-menden.de\/Web\/wp-content\/uploads\/2021\/05\/Keramik_08_001-1024x687.jpg 1024w, https:\/\/www.freiraum-gestalten-menden.de\/Web\/wp-content\/uploads\/2021\/05\/Keramik_08_001-300x201.jpg 300w, https:\/\/www.freiraum-gestalten-menden.de\/Web\/wp-content\/uploads\/2021\/05\/Keramik_08_001-768x516.jpg 768w, https:\/\/www.freiraum-gestalten-menden.de\/Web\/wp-content\/uploads\/2021\/05\/Keramik_08_001-1536x1031.jpg 1536w, https:\/\/www.freiraum-gestalten-menden.de\/Web\/wp-content\/uploads\/2021\/05\/Keramik_08_001-2048x1375.jpg 2048w\" sizes=\"(max-width: 1024px) 100vw, 1024px\" \/><\/figure>\n\n\n\n<figure class=\"wp-block-image size-large\"><img decoding=\"async\" width=\"1024\" height=\"768\" data-id=\"2380\" src=\"https:\/\/www.freiraum-gestalten-menden.de\/Web\/wp-content\/uploads\/2021\/05\/BB_101Keramik_001-1024x768.jpg\" alt=\"\" class=\"wp-image-2380\" srcset=\"https:\/\/www.freiraum-gestalten-menden.de\/Web\/wp-content\/uploads\/2021\/05\/BB_101Keramik_001-1024x768.jpg 1024w, https:\/\/www.freiraum-gestalten-menden.de\/Web\/wp-content\/uploads\/2021\/05\/BB_101Keramik_001-300x225.jpg 300w, https:\/\/www.freiraum-gestalten-menden.de\/Web\/wp-content\/uploads\/2021\/05\/BB_101Keramik_001-768x576.jpg 768w, https:\/\/www.freiraum-gestalten-menden.de\/Web\/wp-content\/uploads\/2021\/05\/BB_101Keramik_001-1536x1152.jpg 1536w, https:\/\/www.freiraum-gestalten-menden.de\/Web\/wp-content\/uploads\/2021\/05\/BB_101Keramik_001-2048x1536.jpg 2048w\" sizes=\"(max-width: 1024px) 100vw, 1024px\" \/><\/figure>\n\n\n\n<figure class=\"wp-block-image size-large\"><img loading=\"lazy\" decoding=\"async\" width=\"768\" height=\"1024\" data-id=\"2379\" src=\"https:\/\/www.freiraum-gestalten-menden.de\/Web\/wp-content\/uploads\/2021\/05\/BB_048Keramik_01_001-768x1024.jpg\" alt=\"\" class=\"wp-image-2379\" srcset=\"https:\/\/www.freiraum-gestalten-menden.de\/Web\/wp-content\/uploads\/2021\/05\/BB_048Keramik_01_001-768x1024.jpg 768w, https:\/\/www.freiraum-gestalten-menden.de\/Web\/wp-content\/uploads\/2021\/05\/BB_048Keramik_01_001-225x300.jpg 225w, https:\/\/www.freiraum-gestalten-menden.de\/Web\/wp-content\/uploads\/2021\/05\/BB_048Keramik_01_001-576x768.jpg 576w, https:\/\/www.freiraum-gestalten-menden.de\/Web\/wp-content\/uploads\/2021\/05\/BB_048Keramik_01_001-1152x1536.jpg 1152w, https:\/\/www.freiraum-gestalten-menden.de\/Web\/wp-content\/uploads\/2021\/05\/BB_048Keramik_01_001-1536x2048.jpg 1536w, https:\/\/www.freiraum-gestalten-menden.de\/Web\/wp-content\/uploads\/2021\/05\/BB_048Keramik_01_001-scaled.jpg 1920w\" sizes=\"(max-width: 768px) 100vw, 768px\" \/><\/figure>\n\n\n\n<figure class=\"wp-block-image size-large\"><img loading=\"lazy\" decoding=\"async\" width=\"1024\" height=\"768\" data-id=\"2378\" src=\"https:\/\/www.freiraum-gestalten-menden.de\/Web\/wp-content\/uploads\/2021\/05\/BB-Raku--1024x768.jpg\" alt=\"\" class=\"wp-image-2378\" srcset=\"https:\/\/www.freiraum-gestalten-menden.de\/Web\/wp-content\/uploads\/2021\/05\/BB-Raku--1024x768.jpg 1024w, https:\/\/www.freiraum-gestalten-menden.de\/Web\/wp-content\/uploads\/2021\/05\/BB-Raku--300x225.jpg 300w, https:\/\/www.freiraum-gestalten-menden.de\/Web\/wp-content\/uploads\/2021\/05\/BB-Raku--768x576.jpg 768w, https:\/\/www.freiraum-gestalten-menden.de\/Web\/wp-content\/uploads\/2021\/05\/BB-Raku--1536x1152.jpg 1536w, https:\/\/www.freiraum-gestalten-menden.de\/Web\/wp-content\/uploads\/2021\/05\/BB-Raku-.jpg 1956w\" sizes=\"(max-width: 1024px) 100vw, 1024px\" \/><\/figure>\n\n\n\n<figure class=\"wp-block-image size-large\"><img loading=\"lazy\" decoding=\"async\" width=\"750\" height=\"1024\" data-id=\"2377\" src=\"https:\/\/www.freiraum-gestalten-menden.de\/Web\/wp-content\/uploads\/2021\/05\/BB-2020-_111Keramik_001_001-750x1024.jpg\" alt=\"\" class=\"wp-image-2377\" srcset=\"https:\/\/www.freiraum-gestalten-menden.de\/Web\/wp-content\/uploads\/2021\/05\/BB-2020-_111Keramik_001_001-750x1024.jpg 750w, https:\/\/www.freiraum-gestalten-menden.de\/Web\/wp-content\/uploads\/2021\/05\/BB-2020-_111Keramik_001_001-220x300.jpg 220w, https:\/\/www.freiraum-gestalten-menden.de\/Web\/wp-content\/uploads\/2021\/05\/BB-2020-_111Keramik_001_001-768x1049.jpg 768w, https:\/\/www.freiraum-gestalten-menden.de\/Web\/wp-content\/uploads\/2021\/05\/BB-2020-_111Keramik_001_001-563x768.jpg 563w, https:\/\/www.freiraum-gestalten-menden.de\/Web\/wp-content\/uploads\/2021\/05\/BB-2020-_111Keramik_001_001-1125x1536.jpg 1125w, https:\/\/www.freiraum-gestalten-menden.de\/Web\/wp-content\/uploads\/2021\/05\/BB-2020-_111Keramik_001_001-1500x2048.jpg 1500w, https:\/\/www.freiraum-gestalten-menden.de\/Web\/wp-content\/uploads\/2021\/05\/BB-2020-_111Keramik_001_001-scaled.jpg 1875w\" sizes=\"(max-width: 750px) 100vw, 750px\" \/><\/figure>\n\n\n\n<figure class=\"wp-block-image size-large\"><img loading=\"lazy\" decoding=\"async\" width=\"641\" height=\"1024\" data-id=\"2376\" src=\"https:\/\/www.freiraum-gestalten-menden.de\/Web\/wp-content\/uploads\/2021\/05\/BB-2020-_094Keramik_01_001-641x1024.jpg\" alt=\"\" class=\"wp-image-2376\" srcset=\"https:\/\/www.freiraum-gestalten-menden.de\/Web\/wp-content\/uploads\/2021\/05\/BB-2020-_094Keramik_01_001-641x1024.jpg 641w, https:\/\/www.freiraum-gestalten-menden.de\/Web\/wp-content\/uploads\/2021\/05\/BB-2020-_094Keramik_01_001-188x300.jpg 188w, https:\/\/www.freiraum-gestalten-menden.de\/Web\/wp-content\/uploads\/2021\/05\/BB-2020-_094Keramik_01_001-768x1228.jpg 768w, https:\/\/www.freiraum-gestalten-menden.de\/Web\/wp-content\/uploads\/2021\/05\/BB-2020-_094Keramik_01_001-480x768.jpg 480w, https:\/\/www.freiraum-gestalten-menden.de\/Web\/wp-content\/uploads\/2021\/05\/BB-2020-_094Keramik_01_001-961x1536.jpg 961w, https:\/\/www.freiraum-gestalten-menden.de\/Web\/wp-content\/uploads\/2021\/05\/BB-2020-_094Keramik_01_001-1281x2048.jpg 1281w, https:\/\/www.freiraum-gestalten-menden.de\/Web\/wp-content\/uploads\/2021\/05\/BB-2020-_094Keramik_01_001-scaled.jpg 1601w\" sizes=\"(max-width: 641px) 100vw, 641px\" \/><\/figure>\n\n\n\n<figure class=\"wp-block-image size-large\"><img loading=\"lazy\" decoding=\"async\" width=\"1024\" height=\"768\" data-id=\"2375\" src=\"https:\/\/www.freiraum-gestalten-menden.de\/Web\/wp-content\/uploads\/2021\/05\/BB-_023Keramik_001-1024x768.jpg\" alt=\"\" class=\"wp-image-2375\" srcset=\"https:\/\/www.freiraum-gestalten-menden.de\/Web\/wp-content\/uploads\/2021\/05\/BB-_023Keramik_001-1024x768.jpg 1024w, https:\/\/www.freiraum-gestalten-menden.de\/Web\/wp-content\/uploads\/2021\/05\/BB-_023Keramik_001-300x225.jpg 300w, https:\/\/www.freiraum-gestalten-menden.de\/Web\/wp-content\/uploads\/2021\/05\/BB-_023Keramik_001-768x576.jpg 768w, https:\/\/www.freiraum-gestalten-menden.de\/Web\/wp-content\/uploads\/2021\/05\/BB-_023Keramik_001-1536x1152.jpg 1536w, https:\/\/www.freiraum-gestalten-menden.de\/Web\/wp-content\/uploads\/2021\/05\/BB-_023Keramik_001-2048x1536.jpg 2048w\" sizes=\"(max-width: 1024px) 100vw, 1024px\" \/><\/figure>\n\n\n\n<figure class=\"wp-block-image size-large\"><img loading=\"lazy\" decoding=\"async\" width=\"768\" height=\"1024\" data-id=\"2374\" src=\"https:\/\/www.freiraum-gestalten-menden.de\/Web\/wp-content\/uploads\/2021\/05\/BB-_005Keramik_001-768x1024.jpg\" alt=\"\" class=\"wp-image-2374\" srcset=\"https:\/\/www.freiraum-gestalten-menden.de\/Web\/wp-content\/uploads\/2021\/05\/BB-_005Keramik_001-768x1024.jpg 768w, https:\/\/www.freiraum-gestalten-menden.de\/Web\/wp-content\/uploads\/2021\/05\/BB-_005Keramik_001-225x300.jpg 225w, https:\/\/www.freiraum-gestalten-menden.de\/Web\/wp-content\/uploads\/2021\/05\/BB-_005Keramik_001-576x768.jpg 576w, https:\/\/www.freiraum-gestalten-menden.de\/Web\/wp-content\/uploads\/2021\/05\/BB-_005Keramik_001-1152x1536.jpg 1152w, https:\/\/www.freiraum-gestalten-menden.de\/Web\/wp-content\/uploads\/2021\/05\/BB-_005Keramik_001-1536x2048.jpg 1536w, https:\/\/www.freiraum-gestalten-menden.de\/Web\/wp-content\/uploads\/2021\/05\/BB-_005Keramik_001-scaled.jpg 1920w\" sizes=\"(max-width: 768px) 100vw, 768px\" \/><\/figure>\n\n\n\n<figure class=\"wp-block-image size-large\"><img loading=\"lazy\" decoding=\"async\" width=\"1024\" height=\"768\" data-id=\"2308\" src=\"https:\/\/www.freiraum-gestalten-menden.de\/Web\/wp-content\/uploads\/2020\/08\/BB-2020-_0341Keramik_01_01-1024x768.jpg\" alt=\"\" class=\"wp-image-2308\" srcset=\"https:\/\/www.freiraum-gestalten-menden.de\/Web\/wp-content\/uploads\/2020\/08\/BB-2020-_0341Keramik_01_01-1024x768.jpg 1024w, https:\/\/www.freiraum-gestalten-menden.de\/Web\/wp-content\/uploads\/2020\/08\/BB-2020-_0341Keramik_01_01-300x225.jpg 300w, https:\/\/www.freiraum-gestalten-menden.de\/Web\/wp-content\/uploads\/2020\/08\/BB-2020-_0341Keramik_01_01-768x576.jpg 768w, https:\/\/www.freiraum-gestalten-menden.de\/Web\/wp-content\/uploads\/2020\/08\/BB-2020-_0341Keramik_01_01-1536x1152.jpg 1536w, https:\/\/www.freiraum-gestalten-menden.de\/Web\/wp-content\/uploads\/2020\/08\/BB-2020-_0341Keramik_01_01-2048x1536.jpg 2048w\" sizes=\"(max-width: 1024px) 100vw, 1024px\" \/><\/figure>\n<\/figure>\n\n\n\n<div style=\"height:61px\" aria-hidden=\"true\" class=\"wp-block-spacer\"><\/div>\n","protected":false},"excerpt":{"rendered":"<p>geb. 1952 \u2013 Studio-Keramiker\/T\u00f6pfer. Viele Jahrzehnte in Duisburg lebend, seit 2018 wohnhaft in Menden. 1974 -1976einige Semester Studium der \u201eVisuellen Kommunikation\u201c, Schwerpunkt Photo-Design an der Gesamthochschule Essen. Seit 1981Besch\u00e4ftigung mit Keramik. Beteiligung an vielen Kunstm\u00e4rkten, etlichen privaten Ausstellungen sowie Verkaufsausstellungen in Kunstgewerbeh\u00e4usern. Meine Keramik:Viele Arbeiten&nbsp;drehen sich um die Scheibe, haben also ihren Anfang auf der [&hellip;]<\/p>\n","protected":false},"author":2,"featured_media":0,"parent":0,"menu_order":0,"comment_status":"closed","ping_status":"closed","template":"","meta":{"footnotes":""},"class_list":["post-2382","page","type-page","status-publish","hentry"],"yoast_head":"<!-- This site is optimized with the Yoast SEO plugin v25.6 - https:\/\/yoast.com\/wordpress\/plugins\/seo\/ -->\n<title>Bruno Berheide - Freiraum Gestalten Menden<\/title>\n<meta name=\"description\" content=\"Beschreibung des K\u00fcnstler Bruno Berheide\" \/>\n<meta name=\"robots\" content=\"index, follow, max-snippet:-1, max-image-preview:large, max-video-preview:-1\" \/>\n<link rel=\"canonical\" href=\"https:\/\/www.freiraum-gestalten-menden.de\/Web\/bruno-berheide\/\" \/>\n<meta property=\"og:locale\" content=\"de_DE\" \/>\n<meta property=\"og:type\" content=\"article\" \/>\n<meta property=\"og:title\" content=\"Bruno Berheide - Freiraum Gestalten Menden\" \/>\n<meta property=\"og:description\" content=\"Beschreibung des K\u00fcnstler Bruno Berheide\" \/>\n<meta property=\"og:url\" content=\"https:\/\/www.freiraum-gestalten-menden.de\/Web\/bruno-berheide\/\" \/>\n<meta property=\"og:site_name\" content=\"Freiraum Gestalten Menden\" \/>\n<meta property=\"article:publisher\" content=\"https:\/\/www.facebook.com\/FreiraumGestaltenMenden\" \/>\n<meta property=\"article:modified_time\" content=\"2025-04-29T08:47:52+00:00\" \/>\n<meta property=\"og:image\" content=\"http:\/\/www.freiraum-gestalten-menden.de\/Web\/wp-content\/uploads\/2024\/04\/FRG-BH.jpg\" \/>\n<meta name=\"twitter:card\" content=\"summary_large_image\" \/>\n<meta name=\"twitter:label1\" content=\"Gesch\u00e4tzte Lesezeit\" \/>\n\t<meta name=\"twitter:data1\" content=\"3\u00a0Minuten\" \/>\n<script type=\"application\/ld+json\" class=\"yoast-schema-graph\">{\"@context\":\"https:\/\/schema.org\",\"@graph\":[{\"@type\":\"WebPage\",\"@id\":\"https:\/\/www.freiraum-gestalten-menden.de\/Web\/bruno-berheide\/\",\"url\":\"https:\/\/www.freiraum-gestalten-menden.de\/Web\/bruno-berheide\/\",\"name\":\"Bruno Berheide - Freiraum Gestalten Menden\",\"isPartOf\":{\"@id\":\"https:\/\/www.freiraum-gestalten-menden.de\/Web\/#website\"},\"primaryImageOfPage\":{\"@id\":\"https:\/\/www.freiraum-gestalten-menden.de\/Web\/bruno-berheide\/#primaryimage\"},\"image\":{\"@id\":\"https:\/\/www.freiraum-gestalten-menden.de\/Web\/bruno-berheide\/#primaryimage\"},\"thumbnailUrl\":\"http:\/\/www.freiraum-gestalten-menden.de\/Web\/wp-content\/uploads\/2024\/04\/FRG-BH.jpg\",\"datePublished\":\"2021-05-21T13:00:00+00:00\",\"dateModified\":\"2025-04-29T08:47:52+00:00\",\"description\":\"Beschreibung des K\u00fcnstler Bruno Berheide\",\"breadcrumb\":{\"@id\":\"https:\/\/www.freiraum-gestalten-menden.de\/Web\/bruno-berheide\/#breadcrumb\"},\"inLanguage\":\"de\",\"potentialAction\":[{\"@type\":\"ReadAction\",\"target\":[\"https:\/\/www.freiraum-gestalten-menden.de\/Web\/bruno-berheide\/\"]}]},{\"@type\":\"ImageObject\",\"inLanguage\":\"de\",\"@id\":\"https:\/\/www.freiraum-gestalten-menden.de\/Web\/bruno-berheide\/#primaryimage\",\"url\":\"https:\/\/www.freiraum-gestalten-menden.de\/Web\/wp-content\/uploads\/2024\/04\/FRG-BH.jpg\",\"contentUrl\":\"https:\/\/www.freiraum-gestalten-menden.de\/Web\/wp-content\/uploads\/2024\/04\/FRG-BH.jpg\",\"width\":1920,\"height\":709},{\"@type\":\"BreadcrumbList\",\"@id\":\"https:\/\/www.freiraum-gestalten-menden.de\/Web\/bruno-berheide\/#breadcrumb\",\"itemListElement\":[{\"@type\":\"ListItem\",\"position\":1,\"name\":\"Startseite\",\"item\":\"https:\/\/www.freiraum-gestalten-menden.de\/Web\/\"},{\"@type\":\"ListItem\",\"position\":2,\"name\":\"Bruno Berheide\"}]},{\"@type\":\"WebSite\",\"@id\":\"https:\/\/www.freiraum-gestalten-menden.de\/Web\/#website\",\"url\":\"https:\/\/www.freiraum-gestalten-menden.de\/Web\/\",\"name\":\"Freiraum Gestalten Menden\",\"description\":\"Gemeinschaft Mendener K\u00fcnstler\",\"publisher\":{\"@id\":\"https:\/\/www.freiraum-gestalten-menden.de\/Web\/#organization\"},\"potentialAction\":[{\"@type\":\"SearchAction\",\"target\":{\"@type\":\"EntryPoint\",\"urlTemplate\":\"https:\/\/www.freiraum-gestalten-menden.de\/Web\/?s={search_term_string}\"},\"query-input\":{\"@type\":\"PropertyValueSpecification\",\"valueRequired\":true,\"valueName\":\"search_term_string\"}}],\"inLanguage\":\"de\"},{\"@type\":\"Organization\",\"@id\":\"https:\/\/www.freiraum-gestalten-menden.de\/Web\/#organization\",\"name\":\"Freiraum Gestalten Menden\",\"url\":\"https:\/\/www.freiraum-gestalten-menden.de\/Web\/\",\"logo\":{\"@type\":\"ImageObject\",\"inLanguage\":\"de\",\"@id\":\"https:\/\/www.freiraum-gestalten-menden.de\/Web\/#\/schema\/logo\/image\/\",\"url\":\"https:\/\/www.freiraum-gestalten-menden.de\/Web\/wp-content\/uploads\/2024\/04\/FRG-FB-G.jpg\",\"contentUrl\":\"https:\/\/www.freiraum-gestalten-menden.de\/Web\/wp-content\/uploads\/2024\/04\/FRG-FB-G.jpg\",\"width\":1181,\"height\":1181,\"caption\":\"Freiraum Gestalten Menden\"},\"image\":{\"@id\":\"https:\/\/www.freiraum-gestalten-menden.de\/Web\/#\/schema\/logo\/image\/\"},\"sameAs\":[\"https:\/\/www.facebook.com\/FreiraumGestaltenMenden\"]}]}<\/script>\n<!-- \/ Yoast SEO plugin. -->","yoast_head_json":{"title":"Bruno Berheide - Freiraum Gestalten Menden","description":"Beschreibung des K\u00fcnstler Bruno Berheide","robots":{"index":"index","follow":"follow","max-snippet":"max-snippet:-1","max-image-preview":"max-image-preview:large","max-video-preview":"max-video-preview:-1"},"canonical":"https:\/\/www.freiraum-gestalten-menden.de\/Web\/bruno-berheide\/","og_locale":"de_DE","og_type":"article","og_title":"Bruno Berheide - Freiraum Gestalten Menden","og_description":"Beschreibung des K\u00fcnstler Bruno Berheide","og_url":"https:\/\/www.freiraum-gestalten-menden.de\/Web\/bruno-berheide\/","og_site_name":"Freiraum Gestalten Menden","article_publisher":"https:\/\/www.facebook.com\/FreiraumGestaltenMenden","article_modified_time":"2025-04-29T08:47:52+00:00","og_image":[{"url":"http:\/\/www.freiraum-gestalten-menden.de\/Web\/wp-content\/uploads\/2024\/04\/FRG-BH.jpg","type":"","width":"","height":""}],"twitter_card":"summary_large_image","twitter_misc":{"Gesch\u00e4tzte Lesezeit":"3\u00a0Minuten"},"schema":{"@context":"https:\/\/schema.org","@graph":[{"@type":"WebPage","@id":"https:\/\/www.freiraum-gestalten-menden.de\/Web\/bruno-berheide\/","url":"https:\/\/www.freiraum-gestalten-menden.de\/Web\/bruno-berheide\/","name":"Bruno Berheide - Freiraum Gestalten Menden","isPartOf":{"@id":"https:\/\/www.freiraum-gestalten-menden.de\/Web\/#website"},"primaryImageOfPage":{"@id":"https:\/\/www.freiraum-gestalten-menden.de\/Web\/bruno-berheide\/#primaryimage"},"image":{"@id":"https:\/\/www.freiraum-gestalten-menden.de\/Web\/bruno-berheide\/#primaryimage"},"thumbnailUrl":"http:\/\/www.freiraum-gestalten-menden.de\/Web\/wp-content\/uploads\/2024\/04\/FRG-BH.jpg","datePublished":"2021-05-21T13:00:00+00:00","dateModified":"2025-04-29T08:47:52+00:00","description":"Beschreibung des K\u00fcnstler Bruno Berheide","breadcrumb":{"@id":"https:\/\/www.freiraum-gestalten-menden.de\/Web\/bruno-berheide\/#breadcrumb"},"inLanguage":"de","potentialAction":[{"@type":"ReadAction","target":["https:\/\/www.freiraum-gestalten-menden.de\/Web\/bruno-berheide\/"]}]},{"@type":"ImageObject","inLanguage":"de","@id":"https:\/\/www.freiraum-gestalten-menden.de\/Web\/bruno-berheide\/#primaryimage","url":"https:\/\/www.freiraum-gestalten-menden.de\/Web\/wp-content\/uploads\/2024\/04\/FRG-BH.jpg","contentUrl":"https:\/\/www.freiraum-gestalten-menden.de\/Web\/wp-content\/uploads\/2024\/04\/FRG-BH.jpg","width":1920,"height":709},{"@type":"BreadcrumbList","@id":"https:\/\/www.freiraum-gestalten-menden.de\/Web\/bruno-berheide\/#breadcrumb","itemListElement":[{"@type":"ListItem","position":1,"name":"Startseite","item":"https:\/\/www.freiraum-gestalten-menden.de\/Web\/"},{"@type":"ListItem","position":2,"name":"Bruno Berheide"}]},{"@type":"WebSite","@id":"https:\/\/www.freiraum-gestalten-menden.de\/Web\/#website","url":"https:\/\/www.freiraum-gestalten-menden.de\/Web\/","name":"Freiraum Gestalten Menden","description":"Gemeinschaft Mendener K\u00fcnstler","publisher":{"@id":"https:\/\/www.freiraum-gestalten-menden.de\/Web\/#organization"},"potentialAction":[{"@type":"SearchAction","target":{"@type":"EntryPoint","urlTemplate":"https:\/\/www.freiraum-gestalten-menden.de\/Web\/?s={search_term_string}"},"query-input":{"@type":"PropertyValueSpecification","valueRequired":true,"valueName":"search_term_string"}}],"inLanguage":"de"},{"@type":"Organization","@id":"https:\/\/www.freiraum-gestalten-menden.de\/Web\/#organization","name":"Freiraum Gestalten Menden","url":"https:\/\/www.freiraum-gestalten-menden.de\/Web\/","logo":{"@type":"ImageObject","inLanguage":"de","@id":"https:\/\/www.freiraum-gestalten-menden.de\/Web\/#\/schema\/logo\/image\/","url":"https:\/\/www.freiraum-gestalten-menden.de\/Web\/wp-content\/uploads\/2024\/04\/FRG-FB-G.jpg","contentUrl":"https:\/\/www.freiraum-gestalten-menden.de\/Web\/wp-content\/uploads\/2024\/04\/FRG-FB-G.jpg","width":1181,"height":1181,"caption":"Freiraum Gestalten Menden"},"image":{"@id":"https:\/\/www.freiraum-gestalten-menden.de\/Web\/#\/schema\/logo\/image\/"},"sameAs":["https:\/\/www.facebook.com\/FreiraumGestaltenMenden"]}]}},"_links":{"self":[{"href":"https:\/\/www.freiraum-gestalten-menden.de\/Web\/wp-json\/wp\/v2\/pages\/2382"}],"collection":[{"href":"https:\/\/www.freiraum-gestalten-menden.de\/Web\/wp-json\/wp\/v2\/pages"}],"about":[{"href":"https:\/\/www.freiraum-gestalten-menden.de\/Web\/wp-json\/wp\/v2\/types\/page"}],"author":[{"embeddable":true,"href":"https:\/\/www.freiraum-gestalten-menden.de\/Web\/wp-json\/wp\/v2\/users\/2"}],"replies":[{"embeddable":true,"href":"https:\/\/www.freiraum-gestalten-menden.de\/Web\/wp-json\/wp\/v2\/comments?post=2382"}],"version-history":[{"count":0,"href":"https:\/\/www.freiraum-gestalten-menden.de\/Web\/wp-json\/wp\/v2\/pages\/2382\/revisions"}],"wp:attachment":[{"href":"https:\/\/www.freiraum-gestalten-menden.de\/Web\/wp-json\/wp\/v2\/media?parent=2382"}],"curies":[{"name":"wp","href":"https:\/\/api.w.org\/{rel}","templated":true}]}}