{"id":1950,"date":"2020-01-30T13:32:09","date_gmt":"2020-01-30T12:32:09","guid":{"rendered":"http:\/\/www.freiraum-gestalten-menden.de\/Web\/?page_id=1950"},"modified":"2024-04-25T14:39:44","modified_gmt":"2024-04-25T12:39:44","slug":"annette-henderson-neumann","status":"publish","type":"page","link":"https:\/\/www.freiraum-gestalten-menden.de\/Web\/annette-henderson-neumann\/","title":{"rendered":"Annette Henderson-Neumann"},"content":{"rendered":"\n<figure class=\"wp-block-image size-full is-resized\"><img fetchpriority=\"high\" decoding=\"async\" width=\"1920\" height=\"709\" src=\"http:\/\/www.freiraum-gestalten-menden.de\/Web\/wp-content\/uploads\/2024\/04\/FRG-AHN.jpg\" alt=\"\" class=\"wp-image-2924\" style=\"width:800px\" srcset=\"https:\/\/www.freiraum-gestalten-menden.de\/Web\/wp-content\/uploads\/2024\/04\/FRG-AHN.jpg 1920w, https:\/\/www.freiraum-gestalten-menden.de\/Web\/wp-content\/uploads\/2024\/04\/FRG-AHN-300x111.jpg 300w, https:\/\/www.freiraum-gestalten-menden.de\/Web\/wp-content\/uploads\/2024\/04\/FRG-AHN-1024x378.jpg 1024w, https:\/\/www.freiraum-gestalten-menden.de\/Web\/wp-content\/uploads\/2024\/04\/FRG-AHN-768x284.jpg 768w, https:\/\/www.freiraum-gestalten-menden.de\/Web\/wp-content\/uploads\/2024\/04\/FRG-AHN-1536x567.jpg 1536w\" sizes=\"(max-width: 1920px) 100vw, 1920px\" \/><\/figure>\n\n\n\n<p>geb. 1955, wohnhaft jetzt wieder in Menden\/Sauerland<\/p>\n\n\n\n<p>K\u00fcnstlerische T\u00e4tigkeit<br>2009 erster Kontakt mit Katja Zerbe in Menden:<\/p>\n\n\n\n<p>Malen &amp; Gestalten \u2013 in Menden: Kurse in Spachteltechnik und Acrylmalerei<br>Seit 2010 \u2013 Verkauf erster Bilder, Auftragsarbeiten<br>Seit 2012 \u2013 2019 Arbeiten im Atelier willybald platzer in Esslingen-Berkheim<\/p>\n\n\n\n<p>Ab 2019 im Atelier am Berg, Menden \u2013 im \u201eK\u00fcnstlerh\u00e4uschen\u201c zusammen mit Monika Graf und Silvia Sch\u00e4fer<\/p>\n\n\n\n<p>Ausstellungen<br>M\u00e4rz 2012 im Caf\u00e9 Arte in Menden\/Sauerland<br>April 2013 in der Galleria Zeus in Esslingen<br>November 2014 in der Rathaus-Galerie in Menden\/Sauerland<br>April 2015 in der Weinhandlung Fehrenbach in Esslingen<\/p>\n\n\n\n<p>Seit 2019 Mitglied in: freiraum-gestalten \u2013 K\u00fcnstlergalerie, Hauptstra\u00dfe, Menden<\/p>\n\n\n\n<p>Malen hat mich schon immer interessiert \u2013 aber erst die Spachteltechnik, die ich bei Katja Zerbe in Menden lernte, brachte mich dazu, auch das Malen anzufangen \u2013 meine Oma hat Tier- und Landschaftsbilder in \u00d6l gemalt, mein Vater und auch meine Schwester.<\/p>\n\n\n\n<p>Immer noch bin ich von den M\u00f6glichkeiten der Gestaltung fasziniert \u2013 das Auftragen und Gestalten der Spachtelmasse, das Aufbringen von \u00d6len, Beizen, Farbpigmenten bringt bei jedem Bild neue Perspektiven, Anblicke und weitere Gestaltungsm\u00f6glichkeiten mit \u00d6l- oder Acrylfarbe \u2026 so dass jedes Bild eine \u00dcberraschung ist!<\/p>\n\n\n\n<p><strong>Kontakt<br><\/strong><a href=\"mailto:annettehn@t-online.de\">annettehn@t-online.de<\/a><br><a href=\"http:\/\/henderson-images.com\/\" target=\"_blank\" rel=\"noreferrer noopener\">Webseite<\/a><br><a href=\"https:\/\/www.facebook.com\/annette.hendersonneumann\" target=\"_blank\" rel=\"noreferrer noopener\">Facebook<\/a><\/p>\n\n\n\n<p><a rel=\"noreferrer noopener\" href=\"https:\/\/www.henderson-images.com\/\" target=\"_blank\">K\u00fcnstlerhaus am Berg<\/a><br>ist ein GemeinschaftsAtelier von&nbsp;<a href=\"http:\/\/www.freiraum-gestalten-menden.de\/Web\/monika-graf\/\">Monika Graf<\/a>,&nbsp;<a href=\"http:\/\/www.freiraum-gestalten-menden.de\/Web\/silvia-schaefer\/\">Silvia Sch\u00e4fer<\/a>&nbsp;und Annette Henderson-Neumann.<\/p>\n\n\n\n<div style=\"height:60px\" aria-hidden=\"true\" class=\"wp-block-spacer\"><\/div>\n\n\n\n<p><strong>Hier finden Sie Beispiele meiner Arbeiten:<\/strong><\/p>\n\n\n\n<figure class=\"wp-block-gallery has-nested-images columns-default is-cropped wp-block-gallery-1 is-layout-flex wp-block-gallery-is-layout-flex\">\n<figure class=\"wp-block-image size-large\"><img decoding=\"async\" width=\"844\" height=\"1024\" data-id=\"1923\" src=\"https:\/\/www.freiraum-gestalten-menden.de\/Web\/wp-content\/uploads\/2020\/01\/4512x30082018-06-12-16-01-37Clown-Kopie-844x1024.jpg\" alt=\"\" class=\"wp-image-1923\" srcset=\"https:\/\/www.freiraum-gestalten-menden.de\/Web\/wp-content\/uploads\/2020\/01\/4512x30082018-06-12-16-01-37Clown-Kopie-844x1024.jpg 844w, https:\/\/www.freiraum-gestalten-menden.de\/Web\/wp-content\/uploads\/2020\/01\/4512x30082018-06-12-16-01-37Clown-Kopie-247x300.jpg 247w, https:\/\/www.freiraum-gestalten-menden.de\/Web\/wp-content\/uploads\/2020\/01\/4512x30082018-06-12-16-01-37Clown-Kopie-768x932.jpg 768w, https:\/\/www.freiraum-gestalten-menden.de\/Web\/wp-content\/uploads\/2020\/01\/4512x30082018-06-12-16-01-37Clown-Kopie-633x768.jpg 633w, https:\/\/www.freiraum-gestalten-menden.de\/Web\/wp-content\/uploads\/2020\/01\/4512x30082018-06-12-16-01-37Clown-Kopie-1266x1536.jpg 1266w, https:\/\/www.freiraum-gestalten-menden.de\/Web\/wp-content\/uploads\/2020\/01\/4512x30082018-06-12-16-01-37Clown-Kopie.jpg 1415w\" sizes=\"(max-width: 844px) 100vw, 844px\" \/><\/figure>\n\n\n\n<figure class=\"wp-block-image size-large\"><img decoding=\"async\" width=\"768\" height=\"1024\" data-id=\"1924\" src=\"https:\/\/www.freiraum-gestalten-menden.de\/Web\/wp-content\/uploads\/2020\/01\/4512x30082018-06-12-16-06-17acetoauufrotgelb-768x1024.jpg\" alt=\"\" class=\"wp-image-1924\" srcset=\"https:\/\/www.freiraum-gestalten-menden.de\/Web\/wp-content\/uploads\/2020\/01\/4512x30082018-06-12-16-06-17acetoauufrotgelb-768x1024.jpg 768w, https:\/\/www.freiraum-gestalten-menden.de\/Web\/wp-content\/uploads\/2020\/01\/4512x30082018-06-12-16-06-17acetoauufrotgelb-225x300.jpg 225w, https:\/\/www.freiraum-gestalten-menden.de\/Web\/wp-content\/uploads\/2020\/01\/4512x30082018-06-12-16-06-17acetoauufrotgelb-576x768.jpg 576w, https:\/\/www.freiraum-gestalten-menden.de\/Web\/wp-content\/uploads\/2020\/01\/4512x30082018-06-12-16-06-17acetoauufrotgelb-1152x1536.jpg 1152w, https:\/\/www.freiraum-gestalten-menden.de\/Web\/wp-content\/uploads\/2020\/01\/4512x30082018-06-12-16-06-17acetoauufrotgelb.jpg 1453w\" sizes=\"(max-width: 768px) 100vw, 768px\" \/><\/figure>\n\n\n\n<figure class=\"wp-block-image size-large\"><img loading=\"lazy\" decoding=\"async\" width=\"770\" height=\"1024\" data-id=\"1925\" src=\"https:\/\/www.freiraum-gestalten-menden.de\/Web\/wp-content\/uploads\/2020\/01\/4512x30082018-06-12-16-08-11blaugelbaufrot-770x1024.jpg\" alt=\"\" class=\"wp-image-1925\" srcset=\"https:\/\/www.freiraum-gestalten-menden.de\/Web\/wp-content\/uploads\/2020\/01\/4512x30082018-06-12-16-08-11blaugelbaufrot-770x1024.jpg 770w, https:\/\/www.freiraum-gestalten-menden.de\/Web\/wp-content\/uploads\/2020\/01\/4512x30082018-06-12-16-08-11blaugelbaufrot-226x300.jpg 226w, https:\/\/www.freiraum-gestalten-menden.de\/Web\/wp-content\/uploads\/2020\/01\/4512x30082018-06-12-16-08-11blaugelbaufrot-768x1021.jpg 768w, https:\/\/www.freiraum-gestalten-menden.de\/Web\/wp-content\/uploads\/2020\/01\/4512x30082018-06-12-16-08-11blaugelbaufrot-577x768.jpg 577w, https:\/\/www.freiraum-gestalten-menden.de\/Web\/wp-content\/uploads\/2020\/01\/4512x30082018-06-12-16-08-11blaugelbaufrot-1155x1536.jpg 1155w, https:\/\/www.freiraum-gestalten-menden.de\/Web\/wp-content\/uploads\/2020\/01\/4512x30082018-06-12-16-08-11blaugelbaufrot.jpg 1446w\" sizes=\"(max-width: 770px) 100vw, 770px\" \/><\/figure>\n\n\n\n<figure class=\"wp-block-image size-large\"><img loading=\"lazy\" decoding=\"async\" width=\"1024\" height=\"846\" data-id=\"1927\" src=\"https:\/\/www.freiraum-gestalten-menden.de\/Web\/wp-content\/uploads\/2020\/01\/4512x30082018-06-12-16-10-05Buckelundblasen-1024x846.jpg\" alt=\"\" class=\"wp-image-1927\" srcset=\"https:\/\/www.freiraum-gestalten-menden.de\/Web\/wp-content\/uploads\/2020\/01\/4512x30082018-06-12-16-10-05Buckelundblasen-1024x846.jpg 1024w, https:\/\/www.freiraum-gestalten-menden.de\/Web\/wp-content\/uploads\/2020\/01\/4512x30082018-06-12-16-10-05Buckelundblasen-300x248.jpg 300w, https:\/\/www.freiraum-gestalten-menden.de\/Web\/wp-content\/uploads\/2020\/01\/4512x30082018-06-12-16-10-05Buckelundblasen-768x634.jpg 768w, https:\/\/www.freiraum-gestalten-menden.de\/Web\/wp-content\/uploads\/2020\/01\/4512x30082018-06-12-16-10-05Buckelundblasen-1536x1268.jpg 1536w, https:\/\/www.freiraum-gestalten-menden.de\/Web\/wp-content\/uploads\/2020\/01\/4512x30082018-06-12-16-10-05Buckelundblasen.jpg 1710w\" sizes=\"(max-width: 1024px) 100vw, 1024px\" \/><\/figure>\n\n\n\n<figure class=\"wp-block-image size-large\"><img loading=\"lazy\" decoding=\"async\" width=\"713\" height=\"1024\" data-id=\"1928\" src=\"https:\/\/www.freiraum-gestalten-menden.de\/Web\/wp-content\/uploads\/2020\/01\/4512x30082018-06-12-16-11-02StrandGutohneGut-713x1024.jpg\" alt=\"\" class=\"wp-image-1928\" srcset=\"https:\/\/www.freiraum-gestalten-menden.de\/Web\/wp-content\/uploads\/2020\/01\/4512x30082018-06-12-16-11-02StrandGutohneGut-713x1024.jpg 713w, https:\/\/www.freiraum-gestalten-menden.de\/Web\/wp-content\/uploads\/2020\/01\/4512x30082018-06-12-16-11-02StrandGutohneGut-209x300.jpg 209w, https:\/\/www.freiraum-gestalten-menden.de\/Web\/wp-content\/uploads\/2020\/01\/4512x30082018-06-12-16-11-02StrandGutohneGut-768x1103.jpg 768w, https:\/\/www.freiraum-gestalten-menden.de\/Web\/wp-content\/uploads\/2020\/01\/4512x30082018-06-12-16-11-02StrandGutohneGut-535x768.jpg 535w, https:\/\/www.freiraum-gestalten-menden.de\/Web\/wp-content\/uploads\/2020\/01\/4512x30082018-06-12-16-11-02StrandGutohneGut-1070x1536.jpg 1070w, https:\/\/www.freiraum-gestalten-menden.de\/Web\/wp-content\/uploads\/2020\/01\/4512x30082018-06-12-16-11-02StrandGutohneGut-1426x2048.jpg 1426w, https:\/\/www.freiraum-gestalten-menden.de\/Web\/wp-content\/uploads\/2020\/01\/4512x30082018-06-12-16-11-02StrandGutohneGut.jpg 1505w\" sizes=\"(max-width: 713px) 100vw, 713px\" \/><\/figure>\n<\/figure>\n\n\n\n<div style=\"height:60px\" aria-hidden=\"true\" class=\"wp-block-spacer\"><\/div>\n","protected":false},"excerpt":{"rendered":"<p>geb. 1955, wohnhaft jetzt wieder in Menden\/Sauerland K\u00fcnstlerische T\u00e4tigkeit2009 erster Kontakt mit Katja Zerbe in Menden: Malen &amp; Gestalten \u2013 in Menden: Kurse in Spachteltechnik und AcrylmalereiSeit 2010 \u2013 Verkauf erster Bilder, AuftragsarbeitenSeit 2012 \u2013 2019 Arbeiten im Atelier willybald platzer in Esslingen-Berkheim Ab 2019 im Atelier am Berg, Menden \u2013 im \u201eK\u00fcnstlerh\u00e4uschen\u201c zusammen mit [&hellip;]<\/p>\n","protected":false},"author":2,"featured_media":0,"parent":0,"menu_order":0,"comment_status":"closed","ping_status":"closed","template":"","meta":{"footnotes":""},"class_list":["post-1950","page","type-page","status-publish","hentry"],"yoast_head":"<!-- This site is optimized with the Yoast SEO plugin v25.6 - https:\/\/yoast.com\/wordpress\/plugins\/seo\/ -->\n<title>Annette Henderson-Neumann - Freiraum Gestalten Menden<\/title>\n<meta name=\"description\" content=\"Beschreibung der K\u00fcnstlerin Anette Henderson-Neumann\" \/>\n<meta name=\"robots\" content=\"index, follow, max-snippet:-1, max-image-preview:large, max-video-preview:-1\" \/>\n<link rel=\"canonical\" href=\"https:\/\/www.freiraum-gestalten-menden.de\/Web\/annette-henderson-neumann\/\" \/>\n<meta property=\"og:locale\" content=\"de_DE\" \/>\n<meta property=\"og:type\" content=\"article\" \/>\n<meta property=\"og:title\" content=\"Annette Henderson-Neumann - Freiraum Gestalten Menden\" \/>\n<meta property=\"og:description\" content=\"Beschreibung der K\u00fcnstlerin Anette Henderson-Neumann\" \/>\n<meta property=\"og:url\" content=\"https:\/\/www.freiraum-gestalten-menden.de\/Web\/annette-henderson-neumann\/\" \/>\n<meta property=\"og:site_name\" content=\"Freiraum Gestalten Menden\" \/>\n<meta property=\"article:publisher\" content=\"https:\/\/www.facebook.com\/FreiraumGestaltenMenden\" \/>\n<meta property=\"article:modified_time\" content=\"2024-04-25T12:39:44+00:00\" \/>\n<meta property=\"og:image\" content=\"http:\/\/www.freiraum-gestalten-menden.de\/Web\/wp-content\/uploads\/2024\/04\/FRG-AHN.jpg\" \/>\n<meta name=\"twitter:card\" content=\"summary_large_image\" \/>\n<meta name=\"twitter:label1\" content=\"Gesch\u00e4tzte Lesezeit\" \/>\n\t<meta name=\"twitter:data1\" content=\"3\u00a0Minuten\" \/>\n<script type=\"application\/ld+json\" class=\"yoast-schema-graph\">{\"@context\":\"https:\/\/schema.org\",\"@graph\":[{\"@type\":\"WebPage\",\"@id\":\"https:\/\/www.freiraum-gestalten-menden.de\/Web\/annette-henderson-neumann\/\",\"url\":\"https:\/\/www.freiraum-gestalten-menden.de\/Web\/annette-henderson-neumann\/\",\"name\":\"Annette Henderson-Neumann - Freiraum Gestalten Menden\",\"isPartOf\":{\"@id\":\"https:\/\/www.freiraum-gestalten-menden.de\/Web\/#website\"},\"primaryImageOfPage\":{\"@id\":\"https:\/\/www.freiraum-gestalten-menden.de\/Web\/annette-henderson-neumann\/#primaryimage\"},\"image\":{\"@id\":\"https:\/\/www.freiraum-gestalten-menden.de\/Web\/annette-henderson-neumann\/#primaryimage\"},\"thumbnailUrl\":\"http:\/\/www.freiraum-gestalten-menden.de\/Web\/wp-content\/uploads\/2024\/04\/FRG-AHN.jpg\",\"datePublished\":\"2020-01-30T12:32:09+00:00\",\"dateModified\":\"2024-04-25T12:39:44+00:00\",\"description\":\"Beschreibung der K\u00fcnstlerin Anette Henderson-Neumann\",\"breadcrumb\":{\"@id\":\"https:\/\/www.freiraum-gestalten-menden.de\/Web\/annette-henderson-neumann\/#breadcrumb\"},\"inLanguage\":\"de\",\"potentialAction\":[{\"@type\":\"ReadAction\",\"target\":[\"https:\/\/www.freiraum-gestalten-menden.de\/Web\/annette-henderson-neumann\/\"]}]},{\"@type\":\"ImageObject\",\"inLanguage\":\"de\",\"@id\":\"https:\/\/www.freiraum-gestalten-menden.de\/Web\/annette-henderson-neumann\/#primaryimage\",\"url\":\"https:\/\/www.freiraum-gestalten-menden.de\/Web\/wp-content\/uploads\/2024\/04\/FRG-AHN.jpg\",\"contentUrl\":\"https:\/\/www.freiraum-gestalten-menden.de\/Web\/wp-content\/uploads\/2024\/04\/FRG-AHN.jpg\",\"width\":1920,\"height\":709},{\"@type\":\"BreadcrumbList\",\"@id\":\"https:\/\/www.freiraum-gestalten-menden.de\/Web\/annette-henderson-neumann\/#breadcrumb\",\"itemListElement\":[{\"@type\":\"ListItem\",\"position\":1,\"name\":\"Startseite\",\"item\":\"https:\/\/www.freiraum-gestalten-menden.de\/Web\/\"},{\"@type\":\"ListItem\",\"position\":2,\"name\":\"Annette Henderson-Neumann\"}]},{\"@type\":\"WebSite\",\"@id\":\"https:\/\/www.freiraum-gestalten-menden.de\/Web\/#website\",\"url\":\"https:\/\/www.freiraum-gestalten-menden.de\/Web\/\",\"name\":\"Freiraum Gestalten Menden\",\"description\":\"Gemeinschaft Mendener K\u00fcnstler\",\"publisher\":{\"@id\":\"https:\/\/www.freiraum-gestalten-menden.de\/Web\/#organization\"},\"potentialAction\":[{\"@type\":\"SearchAction\",\"target\":{\"@type\":\"EntryPoint\",\"urlTemplate\":\"https:\/\/www.freiraum-gestalten-menden.de\/Web\/?s={search_term_string}\"},\"query-input\":{\"@type\":\"PropertyValueSpecification\",\"valueRequired\":true,\"valueName\":\"search_term_string\"}}],\"inLanguage\":\"de\"},{\"@type\":\"Organization\",\"@id\":\"https:\/\/www.freiraum-gestalten-menden.de\/Web\/#organization\",\"name\":\"Freiraum Gestalten Menden\",\"url\":\"https:\/\/www.freiraum-gestalten-menden.de\/Web\/\",\"logo\":{\"@type\":\"ImageObject\",\"inLanguage\":\"de\",\"@id\":\"https:\/\/www.freiraum-gestalten-menden.de\/Web\/#\/schema\/logo\/image\/\",\"url\":\"https:\/\/www.freiraum-gestalten-menden.de\/Web\/wp-content\/uploads\/2024\/04\/FRG-FB-G.jpg\",\"contentUrl\":\"https:\/\/www.freiraum-gestalten-menden.de\/Web\/wp-content\/uploads\/2024\/04\/FRG-FB-G.jpg\",\"width\":1181,\"height\":1181,\"caption\":\"Freiraum Gestalten Menden\"},\"image\":{\"@id\":\"https:\/\/www.freiraum-gestalten-menden.de\/Web\/#\/schema\/logo\/image\/\"},\"sameAs\":[\"https:\/\/www.facebook.com\/FreiraumGestaltenMenden\"]}]}<\/script>\n<!-- \/ Yoast SEO plugin. -->","yoast_head_json":{"title":"Annette Henderson-Neumann - Freiraum Gestalten Menden","description":"Beschreibung der K\u00fcnstlerin Anette Henderson-Neumann","robots":{"index":"index","follow":"follow","max-snippet":"max-snippet:-1","max-image-preview":"max-image-preview:large","max-video-preview":"max-video-preview:-1"},"canonical":"https:\/\/www.freiraum-gestalten-menden.de\/Web\/annette-henderson-neumann\/","og_locale":"de_DE","og_type":"article","og_title":"Annette Henderson-Neumann - Freiraum Gestalten Menden","og_description":"Beschreibung der K\u00fcnstlerin Anette Henderson-Neumann","og_url":"https:\/\/www.freiraum-gestalten-menden.de\/Web\/annette-henderson-neumann\/","og_site_name":"Freiraum Gestalten Menden","article_publisher":"https:\/\/www.facebook.com\/FreiraumGestaltenMenden","article_modified_time":"2024-04-25T12:39:44+00:00","og_image":[{"url":"http:\/\/www.freiraum-gestalten-menden.de\/Web\/wp-content\/uploads\/2024\/04\/FRG-AHN.jpg","type":"","width":"","height":""}],"twitter_card":"summary_large_image","twitter_misc":{"Gesch\u00e4tzte Lesezeit":"3\u00a0Minuten"},"schema":{"@context":"https:\/\/schema.org","@graph":[{"@type":"WebPage","@id":"https:\/\/www.freiraum-gestalten-menden.de\/Web\/annette-henderson-neumann\/","url":"https:\/\/www.freiraum-gestalten-menden.de\/Web\/annette-henderson-neumann\/","name":"Annette Henderson-Neumann - Freiraum Gestalten Menden","isPartOf":{"@id":"https:\/\/www.freiraum-gestalten-menden.de\/Web\/#website"},"primaryImageOfPage":{"@id":"https:\/\/www.freiraum-gestalten-menden.de\/Web\/annette-henderson-neumann\/#primaryimage"},"image":{"@id":"https:\/\/www.freiraum-gestalten-menden.de\/Web\/annette-henderson-neumann\/#primaryimage"},"thumbnailUrl":"http:\/\/www.freiraum-gestalten-menden.de\/Web\/wp-content\/uploads\/2024\/04\/FRG-AHN.jpg","datePublished":"2020-01-30T12:32:09+00:00","dateModified":"2024-04-25T12:39:44+00:00","description":"Beschreibung der K\u00fcnstlerin Anette Henderson-Neumann","breadcrumb":{"@id":"https:\/\/www.freiraum-gestalten-menden.de\/Web\/annette-henderson-neumann\/#breadcrumb"},"inLanguage":"de","potentialAction":[{"@type":"ReadAction","target":["https:\/\/www.freiraum-gestalten-menden.de\/Web\/annette-henderson-neumann\/"]}]},{"@type":"ImageObject","inLanguage":"de","@id":"https:\/\/www.freiraum-gestalten-menden.de\/Web\/annette-henderson-neumann\/#primaryimage","url":"https:\/\/www.freiraum-gestalten-menden.de\/Web\/wp-content\/uploads\/2024\/04\/FRG-AHN.jpg","contentUrl":"https:\/\/www.freiraum-gestalten-menden.de\/Web\/wp-content\/uploads\/2024\/04\/FRG-AHN.jpg","width":1920,"height":709},{"@type":"BreadcrumbList","@id":"https:\/\/www.freiraum-gestalten-menden.de\/Web\/annette-henderson-neumann\/#breadcrumb","itemListElement":[{"@type":"ListItem","position":1,"name":"Startseite","item":"https:\/\/www.freiraum-gestalten-menden.de\/Web\/"},{"@type":"ListItem","position":2,"name":"Annette Henderson-Neumann"}]},{"@type":"WebSite","@id":"https:\/\/www.freiraum-gestalten-menden.de\/Web\/#website","url":"https:\/\/www.freiraum-gestalten-menden.de\/Web\/","name":"Freiraum Gestalten Menden","description":"Gemeinschaft Mendener K\u00fcnstler","publisher":{"@id":"https:\/\/www.freiraum-gestalten-menden.de\/Web\/#organization"},"potentialAction":[{"@type":"SearchAction","target":{"@type":"EntryPoint","urlTemplate":"https:\/\/www.freiraum-gestalten-menden.de\/Web\/?s={search_term_string}"},"query-input":{"@type":"PropertyValueSpecification","valueRequired":true,"valueName":"search_term_string"}}],"inLanguage":"de"},{"@type":"Organization","@id":"https:\/\/www.freiraum-gestalten-menden.de\/Web\/#organization","name":"Freiraum Gestalten Menden","url":"https:\/\/www.freiraum-gestalten-menden.de\/Web\/","logo":{"@type":"ImageObject","inLanguage":"de","@id":"https:\/\/www.freiraum-gestalten-menden.de\/Web\/#\/schema\/logo\/image\/","url":"https:\/\/www.freiraum-gestalten-menden.de\/Web\/wp-content\/uploads\/2024\/04\/FRG-FB-G.jpg","contentUrl":"https:\/\/www.freiraum-gestalten-menden.de\/Web\/wp-content\/uploads\/2024\/04\/FRG-FB-G.jpg","width":1181,"height":1181,"caption":"Freiraum Gestalten Menden"},"image":{"@id":"https:\/\/www.freiraum-gestalten-menden.de\/Web\/#\/schema\/logo\/image\/"},"sameAs":["https:\/\/www.facebook.com\/FreiraumGestaltenMenden"]}]}},"_links":{"self":[{"href":"https:\/\/www.freiraum-gestalten-menden.de\/Web\/wp-json\/wp\/v2\/pages\/1950"}],"collection":[{"href":"https:\/\/www.freiraum-gestalten-menden.de\/Web\/wp-json\/wp\/v2\/pages"}],"about":[{"href":"https:\/\/www.freiraum-gestalten-menden.de\/Web\/wp-json\/wp\/v2\/types\/page"}],"author":[{"embeddable":true,"href":"https:\/\/www.freiraum-gestalten-menden.de\/Web\/wp-json\/wp\/v2\/users\/2"}],"replies":[{"embeddable":true,"href":"https:\/\/www.freiraum-gestalten-menden.de\/Web\/wp-json\/wp\/v2\/comments?post=1950"}],"version-history":[{"count":0,"href":"https:\/\/www.freiraum-gestalten-menden.de\/Web\/wp-json\/wp\/v2\/pages\/1950\/revisions"}],"wp:attachment":[{"href":"https:\/\/www.freiraum-gestalten-menden.de\/Web\/wp-json\/wp\/v2\/media?parent=1950"}],"curies":[{"name":"wp","href":"https:\/\/api.w.org\/{rel}","templated":true}]}}