{"id":1934,"date":"2020-01-31T15:37:02","date_gmt":"2020-01-31T14:37:02","guid":{"rendered":"http:\/\/www.freiraum-gestalten-menden.de\/Web\/?page_id=1934"},"modified":"2024-04-25T12:31:30","modified_gmt":"2024-04-25T10:31:30","slug":"gastkunstler","status":"publish","type":"page","link":"https:\/\/www.freiraum-gestalten-menden.de\/Web\/gastkunstler\/","title":{"rendered":"Gastk\u00fcnstler"},"content":{"rendered":"\n<p>Auf dieser Seite sind alle bisherigen Gastk\u00fcnstler der Galerie aufgef\u00fchrt<br>und k\u00f6nnen zum Teil auf diesem Weg bei Interesse auch kontaktiert werden.<\/p>\n\n\n\n<p><img decoding=\"async\" src=\"http:\/\/www.freiraum-gestalten-menden.de\/Web\/wp-content\/uploads\/2021\/06\/20210611_205210-300x236.jpg\" alt=\"\" style=\"width: 250px;\"><br><strong>Andrea Gutzeit<\/strong><br>____________________<\/p>\n\n\n\n<p><img decoding=\"async\" style=\"width: 250px;\" src=\"http:\/\/www.freiraum-gestalten-menden.de\/Web\/wp-content\/uploads\/2020\/01\/ArthurHille-pic-150x150.jpg\" alt=\"\"><br><strong>Arthur Hille<\/strong><br>____________________<\/p>\n\n\n\n<figure class=\"wp-block-image size-full is-resized\"><img decoding=\"async\" src=\"http:\/\/www.freiraum-gestalten-menden.de\/Web\/wp-content\/uploads\/2020\/01\/AschidMajdo-pic.jpg\" alt=\"\" class=\"wp-image-2055\" width=\"250\" srcset=\"https:\/\/www.freiraum-gestalten-menden.de\/Web\/wp-content\/uploads\/2020\/01\/AschidMajdo-pic.jpg 591w, https:\/\/www.freiraum-gestalten-menden.de\/Web\/wp-content\/uploads\/2020\/01\/AschidMajdo-pic-300x300.jpg 300w, https:\/\/www.freiraum-gestalten-menden.de\/Web\/wp-content\/uploads\/2020\/01\/AschidMajdo-pic-150x150.jpg 150w\" sizes=\"(max-width: 591px) 100vw, 591px\" \/><\/figure>\n\n\n\n<p><strong>Aschid Majdo<\/strong><br>____________________<\/p>\n\n\n\n<figure class=\"wp-block-image size-full is-resized\"><img decoding=\"async\" src=\"https:\/\/www.freiraum-gestalten-menden.de\/Web\/wp-content\/uploads\/2024\/04\/GastkuenstlerPic-Schnabel.jpg\" alt=\"\" class=\"wp-image-2814\" width=\"250\" srcset=\"https:\/\/www.freiraum-gestalten-menden.de\/Web\/wp-content\/uploads\/2024\/04\/GastkuenstlerPic-Schnabel.jpg 500w, https:\/\/www.freiraum-gestalten-menden.de\/Web\/wp-content\/uploads\/2024\/04\/GastkuenstlerPic-Schnabel-300x300.jpg 300w, https:\/\/www.freiraum-gestalten-menden.de\/Web\/wp-content\/uploads\/2024\/04\/GastkuenstlerPic-Schnabel-150x150.jpg 150w\" sizes=\"(max-width: 500px) 100vw, 500px\" \/><\/figure>\n\n\n\n<p><strong>Britta Schnabel<\/strong><br><a href=\"mailto:info@brittaschnabel.de\">info@brittaschnabel.de<\/a><strong><em><br>____________________<\/em><\/strong><\/p>\n\n\n\n<p><img decoding=\"async\" src=\"http:\/\/www.freiraum-gestalten-menden.de\/Web\/wp-content\/uploads\/2020\/01\/GabiHeimann-pic-150x150.jpg\" alt=\"\" style=\"width: 250px;\"><br><strong>Gabi Heimann<\/strong><br><a rel=\"noreferrer noopener\" href=\"https:\/\/www.gabi-heimann.de\/\" target=\"_blank\">zur Webseite<\/a><br>____________________<\/p>\n\n\n\n<p><img decoding=\"async\" src=\"http:\/\/www.freiraum-gestalten-menden.de\/Web\/wp-content\/uploads\/2020\/01\/georgSchnitzler-pic-150x150.jpg\" alt=\"\" style=\"width: 250px;\"><br><strong>George Schnitzler<\/strong><br><a rel=\"noreferrer noopener\" href=\"https:\/\/georg-schnitzler.jimdofree.com\/\" target=\"_blank\">zur Webseite<\/a><br>____________________<\/p>\n\n\n\n<p><img decoding=\"async\" src=\"http:\/\/www.freiraum-gestalten-menden.de\/Web\/wp-content\/uploads\/2020\/01\/GerdJ%C3%B6rgens-pic-150x150.jpg\" alt=\"\" style=\"width: 250px;\"><br><strong>Gerd J\u00f6rgens<\/strong><br><a href=\"mailto:g.joergens@web.de\">g.joergens@web.de<\/a><br>____________________<\/p>\n\n\n\n<p><img decoding=\"async\" src=\"http:\/\/www.freiraum-gestalten-menden.de\/Web\/wp-content\/uploads\/2020\/01\/GudrunGraf-pic-150x150.jpg\" alt=\"\" style=\"width: 250px;\"><br><strong>Gudrun Graf<\/strong><br><a href=\"mailto:gudgraf@aol.com\">gudgraf@aol.com<\/a><br>____________________<\/p>\n\n\n\n<p><strong>Gudrun Sch\u00e4lte<br>____________________<\/strong><\/p>\n\n\n\n<p><img decoding=\"async\" src=\"http:\/\/www.freiraum-gestalten-menden.de\/Web\/wp-content\/uploads\/2020\/01\/Ruesel-pic-150x150.jpg\" alt=\"\" style=\"width: 250px;\"><br><strong>Heidi R\u00fcsel<\/strong><\/p>\n\n\n\n<p>____________________<\/p>\n\n\n\n<p><img decoding=\"async\" src=\"http:\/\/www.freiraum-gestalten-menden.de\/Web\/wp-content\/uploads\/2021\/05\/GKkruse-275x300.jpg\" alt=\"\" style=\"width: 250px;\"><br><br><strong>Helmut Kruse<br><a rel=\"noreferrer noopener\" href=\"http:\/\/www.helmutk.com\/\" target=\"_blank\">zur Webseite<\/a><br><a rel=\"noreferrer noopener\" href=\"https:\/\/www.facebook.com\/helmut.kruse.9\" target=\"_blank\">Facebook<\/a><\/strong><\/p>\n\n\n\n<p>____________________<\/p>\n\n\n\n<p><img decoding=\"async\" src=\"http:\/\/www.freiraum-gestalten-menden.de\/Web\/wp-content\/uploads\/2020\/01\/Noak-pic-150x150.jpg\" alt=\"\" style=\"width: 250px;\"><br><strong>Ina Pause-Noak<\/strong><br><a rel=\"noreferrer noopener\" href=\"http:\/\/www.kunst-pause-noack.de\/\" target=\"_blank\">zur Webseite<\/a><br>____________________<\/p>\n\n\n\n<p><img decoding=\"async\" src=\"http:\/\/www.freiraum-gestalten-menden.de\/Web\/wp-content\/uploads\/2020\/01\/Kirchhoff-pic-150x150.jpg\" alt=\"\" style=\"width: 250px;\"><br><strong>Dr. Joachim Kirchhoff<\/strong><br>____________________<\/p>\n\n\n\n<p><img decoding=\"async\" src=\"http:\/\/www.freiraum-gestalten-menden.de\/Web\/wp-content\/uploads\/2020\/01\/MatthiasSteffens-pic-150x150.jpg\" alt=\"\" style=\"width: 250px;\"><br><strong>Matthias Steffens<br>____________________<\/strong><\/p>\n\n\n\n<p><img decoding=\"async\" src=\"http:\/\/www.freiraum-gestalten-menden.de\/Web\/wp-content\/uploads\/2020\/01\/MargitHuebner-pic-150x150.jpg\" alt=\"\" style=\"width: 250px;\"><br><strong>Margit H\u00fcbner<\/strong><br><a rel=\"noreferrer noopener\" href=\"https:\/\/margitsart-3000.jimdofree.com\/\" target=\"_blank\">zur Webseite<\/a><br>____________________<\/p>\n\n\n\n<p><img decoding=\"async\" src=\"http:\/\/www.freiraum-gestalten-menden.de\/Web\/wp-content\/uploads\/2020\/01\/NedaEzzati-pic-150x150.jpg\" alt=\"\" style=\"width: 250px;\"><br><strong>Neda Ezzati<\/strong><br><a rel=\"noreferrer noopener\" href=\"https:\/\/www.facebook.com\/Neda.ezti\" target=\"_blank\">bei Facebook<\/a><strong><br>____________________<\/strong><\/p>\n\n\n\n<p><img decoding=\"async\" src=\"http:\/\/www.freiraum-gestalten-menden.de\/Web\/wp-content\/uploads\/2020\/01\/NataleCuratolo-pic-150x150.jpg\" alt=\"\" style=\"width: 250px;\"><br><strong>Natale Curatolo<\/strong><br><a rel=\"noreferrer noopener\" href=\"https:\/\/www.facebook.com\/profile.php?id=100008451397380\" target=\"_blank\">bei Facebook<\/a><br>____________________<\/p>\n\n\n\n<p><img decoding=\"async\" src=\"http:\/\/www.freiraum-gestalten-menden.de\/Web\/wp-content\/uploads\/2020\/01\/RitaWeychert-pic-150x150.jpg\" alt=\"\" style=\"width: 250px;\"><br><strong>Rita Weychert<\/strong><br><a rel=\"noreferrer noopener\" href=\"http:\/\/atelier-rita-weychert.com\/\" target=\"_blank\">zur Webseite<\/a><br>____________________<\/p>\n\n\n\n<p><img decoding=\"async\" src=\"http:\/\/www.freiraum-gestalten-menden.de\/Web\/wp-content\/uploads\/2020\/01\/SebastianDarmer-150x150.jpg\" alt=\"\" style=\"width: 250px;\"><br><strong>Sebastian Darmer<\/strong><br><a rel=\"noreferrer noopener\" href=\"https:\/\/www.facebook.com\/sebastian.darmer\/\" target=\"_blank\">bei Facebook<\/a><br>____________________<\/p>\n\n\n\n<figure class=\"wp-block-image size-full is-resized\"><img decoding=\"async\" src=\"https:\/\/www.freiraum-gestalten-menden.de\/Web\/wp-content\/uploads\/2024\/04\/GastkuenstlerPic-Taler.jpg\" alt=\"\" class=\"wp-image-2810\" width=\"250\" srcset=\"https:\/\/www.freiraum-gestalten-menden.de\/Web\/wp-content\/uploads\/2024\/04\/GastkuenstlerPic-Taler.jpg 500w, https:\/\/www.freiraum-gestalten-menden.de\/Web\/wp-content\/uploads\/2024\/04\/GastkuenstlerPic-Taler-300x300.jpg 300w, https:\/\/www.freiraum-gestalten-menden.de\/Web\/wp-content\/uploads\/2024\/04\/GastkuenstlerPic-Taler-150x150.jpg 150w\" sizes=\"(max-width: 500px) 100vw, 500px\" \/><\/figure>\n\n\n\n<p><strong>Slawomir Taler<\/strong><br><a href=\"https:\/\/www.facebook.com\/slawomir.taler\">bei Facebook<\/a><strong><br>____________________<\/strong><\/p>\n\n\n\n<p><img decoding=\"async\" src=\"http:\/\/www.freiraum-gestalten-menden.de\/Web\/wp-content\/uploads\/2020\/01\/TammamJaramani-pic-150x150.jpg\" alt=\"\" style=\"width: 250px;\"><br><strong>Tammam Jaramani<\/strong><br><a rel=\"noreferrer noopener\" href=\"https:\/\/www.facebook.com\/Tammam-Jaramani-ART-1500846763494264\/\" target=\"_blank\">bei Facebook<\/a><br>____________________<\/p>\n\n\n\n<p><img decoding=\"async\" src=\"http:\/\/www.freiraum-gestalten-menden.de\/Web\/wp-content\/uploads\/2020\/01\/Zonka-taschenaufkommando-pic-150x150.jpg\" alt=\"\" style=\"width: 250px;\"><br><strong>Taschen auf Kommando<\/strong><br><a rel=\"noreferrer noopener\" href=\"https:\/\/taschen-auf-kommando.de\/\" target=\"_blank\">zur Webseite<\/a><br>____________________<\/p>\n\n\n\n<p><img decoding=\"async\" src=\"http:\/\/www.freiraum-gestalten-menden.de\/Web\/wp-content\/uploads\/2020\/01\/UrsulaDurrland-pic-150x150.jpg\" alt=\"\" style=\"width: 250px;\"><br><strong>Ursula Durr<\/strong><br><a rel=\"noreferrer noopener\" href=\"https:\/\/www.facebook.com\/Ursuladurrland\/\" target=\"_blank\">bei Facebook<\/a><\/p>\n","protected":false},"excerpt":{"rendered":"<p>Auf dieser Seite sind alle bisherigen Gastk\u00fcnstler der Galerie aufgef\u00fchrtund k\u00f6nnen zum Teil auf diesem Weg bei Interesse auch kontaktiert werden. Andrea Gutzeit____________________ Arthur Hille____________________ Aschid Majdo____________________ Britta Schnabelinfo@brittaschnabel.de____________________ Gabi Heimannzur Webseite____________________ George Schnitzlerzur Webseite____________________ Gerd J\u00f6rgensg.joergens@web.de____________________ Gudrun Grafgudgraf@aol.com____________________ Gudrun Sch\u00e4lte____________________ Heidi R\u00fcsel ____________________ Helmut Krusezur WebseiteFacebook ____________________ Ina Pause-Noakzur Webseite____________________ Dr. Joachim Kirchhoff____________________ Matthias [&hellip;]<\/p>\n","protected":false},"author":2,"featured_media":0,"parent":0,"menu_order":0,"comment_status":"closed","ping_status":"closed","template":"","meta":{"footnotes":""},"class_list":["post-1934","page","type-page","status-publish","hentry"],"yoast_head":"<!-- This site is optimized with the Yoast SEO plugin v25.6 - https:\/\/yoast.com\/wordpress\/plugins\/seo\/ -->\n<title>Gastk\u00fcnstler - Freiraum Gestalten Menden<\/title>\n<meta name=\"description\" content=\"Die Gastk\u00fcnstler\" \/>\n<meta name=\"robots\" content=\"index, follow, max-snippet:-1, max-image-preview:large, max-video-preview:-1\" \/>\n<link rel=\"canonical\" href=\"https:\/\/www.freiraum-gestalten-menden.de\/Web\/gastkunstler\/\" \/>\n<meta property=\"og:locale\" content=\"de_DE\" \/>\n<meta property=\"og:type\" content=\"article\" \/>\n<meta property=\"og:title\" content=\"Gastk\u00fcnstler - Freiraum Gestalten Menden\" \/>\n<meta property=\"og:description\" content=\"Die Gastk\u00fcnstler\" \/>\n<meta property=\"og:url\" content=\"https:\/\/www.freiraum-gestalten-menden.de\/Web\/gastkunstler\/\" \/>\n<meta property=\"og:site_name\" content=\"Freiraum Gestalten Menden\" \/>\n<meta property=\"article:publisher\" content=\"https:\/\/www.facebook.com\/FreiraumGestaltenMenden\" \/>\n<meta property=\"article:modified_time\" content=\"2024-04-25T10:31:30+00:00\" \/>\n<meta property=\"og:image\" content=\"http:\/\/www.freiraum-gestalten-menden.de\/Web\/wp-content\/uploads\/2021\/06\/20210611_205210-300x236.jpg\" \/>\n<meta name=\"twitter:card\" content=\"summary_large_image\" \/>\n<meta name=\"twitter:label1\" content=\"Gesch\u00e4tzte Lesezeit\" \/>\n\t<meta name=\"twitter:data1\" content=\"5\u00a0Minuten\" \/>\n<script type=\"application\/ld+json\" class=\"yoast-schema-graph\">{\"@context\":\"https:\/\/schema.org\",\"@graph\":[{\"@type\":\"WebPage\",\"@id\":\"https:\/\/www.freiraum-gestalten-menden.de\/Web\/gastkunstler\/\",\"url\":\"https:\/\/www.freiraum-gestalten-menden.de\/Web\/gastkunstler\/\",\"name\":\"Gastk\u00fcnstler - Freiraum Gestalten Menden\",\"isPartOf\":{\"@id\":\"https:\/\/www.freiraum-gestalten-menden.de\/Web\/#website\"},\"primaryImageOfPage\":{\"@id\":\"https:\/\/www.freiraum-gestalten-menden.de\/Web\/gastkunstler\/#primaryimage\"},\"image\":{\"@id\":\"https:\/\/www.freiraum-gestalten-menden.de\/Web\/gastkunstler\/#primaryimage\"},\"thumbnailUrl\":\"http:\/\/www.freiraum-gestalten-menden.de\/Web\/wp-content\/uploads\/2021\/06\/20210611_205210-300x236.jpg\",\"datePublished\":\"2020-01-31T14:37:02+00:00\",\"dateModified\":\"2024-04-25T10:31:30+00:00\",\"description\":\"Die Gastk\u00fcnstler\",\"breadcrumb\":{\"@id\":\"https:\/\/www.freiraum-gestalten-menden.de\/Web\/gastkunstler\/#breadcrumb\"},\"inLanguage\":\"de\",\"potentialAction\":[{\"@type\":\"ReadAction\",\"target\":[\"https:\/\/www.freiraum-gestalten-menden.de\/Web\/gastkunstler\/\"]}]},{\"@type\":\"ImageObject\",\"inLanguage\":\"de\",\"@id\":\"https:\/\/www.freiraum-gestalten-menden.de\/Web\/gastkunstler\/#primaryimage\",\"url\":\"http:\/\/www.freiraum-gestalten-menden.de\/Web\/wp-content\/uploads\/2021\/06\/20210611_205210-300x236.jpg\",\"contentUrl\":\"http:\/\/www.freiraum-gestalten-menden.de\/Web\/wp-content\/uploads\/2021\/06\/20210611_205210-300x236.jpg\"},{\"@type\":\"BreadcrumbList\",\"@id\":\"https:\/\/www.freiraum-gestalten-menden.de\/Web\/gastkunstler\/#breadcrumb\",\"itemListElement\":[{\"@type\":\"ListItem\",\"position\":1,\"name\":\"Startseite\",\"item\":\"https:\/\/www.freiraum-gestalten-menden.de\/Web\/\"},{\"@type\":\"ListItem\",\"position\":2,\"name\":\"Gastk\u00fcnstler\"}]},{\"@type\":\"WebSite\",\"@id\":\"https:\/\/www.freiraum-gestalten-menden.de\/Web\/#website\",\"url\":\"https:\/\/www.freiraum-gestalten-menden.de\/Web\/\",\"name\":\"Freiraum Gestalten Menden\",\"description\":\"Gemeinschaft Mendener K\u00fcnstler\",\"publisher\":{\"@id\":\"https:\/\/www.freiraum-gestalten-menden.de\/Web\/#organization\"},\"potentialAction\":[{\"@type\":\"SearchAction\",\"target\":{\"@type\":\"EntryPoint\",\"urlTemplate\":\"https:\/\/www.freiraum-gestalten-menden.de\/Web\/?s={search_term_string}\"},\"query-input\":{\"@type\":\"PropertyValueSpecification\",\"valueRequired\":true,\"valueName\":\"search_term_string\"}}],\"inLanguage\":\"de\"},{\"@type\":\"Organization\",\"@id\":\"https:\/\/www.freiraum-gestalten-menden.de\/Web\/#organization\",\"name\":\"Freiraum Gestalten Menden\",\"url\":\"https:\/\/www.freiraum-gestalten-menden.de\/Web\/\",\"logo\":{\"@type\":\"ImageObject\",\"inLanguage\":\"de\",\"@id\":\"https:\/\/www.freiraum-gestalten-menden.de\/Web\/#\/schema\/logo\/image\/\",\"url\":\"https:\/\/www.freiraum-gestalten-menden.de\/Web\/wp-content\/uploads\/2024\/04\/FRG-FB-G.jpg\",\"contentUrl\":\"https:\/\/www.freiraum-gestalten-menden.de\/Web\/wp-content\/uploads\/2024\/04\/FRG-FB-G.jpg\",\"width\":1181,\"height\":1181,\"caption\":\"Freiraum Gestalten Menden\"},\"image\":{\"@id\":\"https:\/\/www.freiraum-gestalten-menden.de\/Web\/#\/schema\/logo\/image\/\"},\"sameAs\":[\"https:\/\/www.facebook.com\/FreiraumGestaltenMenden\"]}]}<\/script>\n<!-- \/ Yoast SEO plugin. -->","yoast_head_json":{"title":"Gastk\u00fcnstler - Freiraum Gestalten Menden","description":"Die Gastk\u00fcnstler","robots":{"index":"index","follow":"follow","max-snippet":"max-snippet:-1","max-image-preview":"max-image-preview:large","max-video-preview":"max-video-preview:-1"},"canonical":"https:\/\/www.freiraum-gestalten-menden.de\/Web\/gastkunstler\/","og_locale":"de_DE","og_type":"article","og_title":"Gastk\u00fcnstler - Freiraum Gestalten Menden","og_description":"Die Gastk\u00fcnstler","og_url":"https:\/\/www.freiraum-gestalten-menden.de\/Web\/gastkunstler\/","og_site_name":"Freiraum Gestalten Menden","article_publisher":"https:\/\/www.facebook.com\/FreiraumGestaltenMenden","article_modified_time":"2024-04-25T10:31:30+00:00","og_image":[{"url":"http:\/\/www.freiraum-gestalten-menden.de\/Web\/wp-content\/uploads\/2021\/06\/20210611_205210-300x236.jpg","type":"","width":"","height":""}],"twitter_card":"summary_large_image","twitter_misc":{"Gesch\u00e4tzte Lesezeit":"5\u00a0Minuten"},"schema":{"@context":"https:\/\/schema.org","@graph":[{"@type":"WebPage","@id":"https:\/\/www.freiraum-gestalten-menden.de\/Web\/gastkunstler\/","url":"https:\/\/www.freiraum-gestalten-menden.de\/Web\/gastkunstler\/","name":"Gastk\u00fcnstler - Freiraum Gestalten Menden","isPartOf":{"@id":"https:\/\/www.freiraum-gestalten-menden.de\/Web\/#website"},"primaryImageOfPage":{"@id":"https:\/\/www.freiraum-gestalten-menden.de\/Web\/gastkunstler\/#primaryimage"},"image":{"@id":"https:\/\/www.freiraum-gestalten-menden.de\/Web\/gastkunstler\/#primaryimage"},"thumbnailUrl":"http:\/\/www.freiraum-gestalten-menden.de\/Web\/wp-content\/uploads\/2021\/06\/20210611_205210-300x236.jpg","datePublished":"2020-01-31T14:37:02+00:00","dateModified":"2024-04-25T10:31:30+00:00","description":"Die Gastk\u00fcnstler","breadcrumb":{"@id":"https:\/\/www.freiraum-gestalten-menden.de\/Web\/gastkunstler\/#breadcrumb"},"inLanguage":"de","potentialAction":[{"@type":"ReadAction","target":["https:\/\/www.freiraum-gestalten-menden.de\/Web\/gastkunstler\/"]}]},{"@type":"ImageObject","inLanguage":"de","@id":"https:\/\/www.freiraum-gestalten-menden.de\/Web\/gastkunstler\/#primaryimage","url":"http:\/\/www.freiraum-gestalten-menden.de\/Web\/wp-content\/uploads\/2021\/06\/20210611_205210-300x236.jpg","contentUrl":"http:\/\/www.freiraum-gestalten-menden.de\/Web\/wp-content\/uploads\/2021\/06\/20210611_205210-300x236.jpg"},{"@type":"BreadcrumbList","@id":"https:\/\/www.freiraum-gestalten-menden.de\/Web\/gastkunstler\/#breadcrumb","itemListElement":[{"@type":"ListItem","position":1,"name":"Startseite","item":"https:\/\/www.freiraum-gestalten-menden.de\/Web\/"},{"@type":"ListItem","position":2,"name":"Gastk\u00fcnstler"}]},{"@type":"WebSite","@id":"https:\/\/www.freiraum-gestalten-menden.de\/Web\/#website","url":"https:\/\/www.freiraum-gestalten-menden.de\/Web\/","name":"Freiraum Gestalten Menden","description":"Gemeinschaft Mendener K\u00fcnstler","publisher":{"@id":"https:\/\/www.freiraum-gestalten-menden.de\/Web\/#organization"},"potentialAction":[{"@type":"SearchAction","target":{"@type":"EntryPoint","urlTemplate":"https:\/\/www.freiraum-gestalten-menden.de\/Web\/?s={search_term_string}"},"query-input":{"@type":"PropertyValueSpecification","valueRequired":true,"valueName":"search_term_string"}}],"inLanguage":"de"},{"@type":"Organization","@id":"https:\/\/www.freiraum-gestalten-menden.de\/Web\/#organization","name":"Freiraum Gestalten Menden","url":"https:\/\/www.freiraum-gestalten-menden.de\/Web\/","logo":{"@type":"ImageObject","inLanguage":"de","@id":"https:\/\/www.freiraum-gestalten-menden.de\/Web\/#\/schema\/logo\/image\/","url":"https:\/\/www.freiraum-gestalten-menden.de\/Web\/wp-content\/uploads\/2024\/04\/FRG-FB-G.jpg","contentUrl":"https:\/\/www.freiraum-gestalten-menden.de\/Web\/wp-content\/uploads\/2024\/04\/FRG-FB-G.jpg","width":1181,"height":1181,"caption":"Freiraum Gestalten Menden"},"image":{"@id":"https:\/\/www.freiraum-gestalten-menden.de\/Web\/#\/schema\/logo\/image\/"},"sameAs":["https:\/\/www.facebook.com\/FreiraumGestaltenMenden"]}]}},"_links":{"self":[{"href":"https:\/\/www.freiraum-gestalten-menden.de\/Web\/wp-json\/wp\/v2\/pages\/1934"}],"collection":[{"href":"https:\/\/www.freiraum-gestalten-menden.de\/Web\/wp-json\/wp\/v2\/pages"}],"about":[{"href":"https:\/\/www.freiraum-gestalten-menden.de\/Web\/wp-json\/wp\/v2\/types\/page"}],"author":[{"embeddable":true,"href":"https:\/\/www.freiraum-gestalten-menden.de\/Web\/wp-json\/wp\/v2\/users\/2"}],"replies":[{"embeddable":true,"href":"https:\/\/www.freiraum-gestalten-menden.de\/Web\/wp-json\/wp\/v2\/comments?post=1934"}],"version-history":[{"count":0,"href":"https:\/\/www.freiraum-gestalten-menden.de\/Web\/wp-json\/wp\/v2\/pages\/1934\/revisions"}],"wp:attachment":[{"href":"https:\/\/www.freiraum-gestalten-menden.de\/Web\/wp-json\/wp\/v2\/media?parent=1934"}],"curies":[{"name":"wp","href":"https:\/\/api.w.org\/{rel}","templated":true}]}}