{"id":18,"date":"2016-08-12T12:01:46","date_gmt":"2016-08-12T10:01:46","guid":{"rendered":"http:\/\/www.freiraum-gestalten-menden.de\/Web\/?page_id=18"},"modified":"2024-04-25T14:35:14","modified_gmt":"2024-04-25T12:35:14","slug":"claudia-moelle","status":"publish","type":"page","link":"https:\/\/www.freiraum-gestalten-menden.de\/Web\/claudia-moelle\/","title":{"rendered":"Claudia M\u00f6lle"},"content":{"rendered":"<p><img fetchpriority=\"high\" decoding=\"async\" class=\"alignnone wp-image-2917 size-large\" src=\"http:\/\/www.freiraum-gestalten-menden.de\/Web\/wp-content\/uploads\/2024\/04\/FRG-CM-1024x378.jpg\" alt=\"\" width=\"800\" height=\"295\" srcset=\"https:\/\/www.freiraum-gestalten-menden.de\/Web\/wp-content\/uploads\/2024\/04\/FRG-CM-1024x378.jpg 1024w, https:\/\/www.freiraum-gestalten-menden.de\/Web\/wp-content\/uploads\/2024\/04\/FRG-CM-300x111.jpg 300w, https:\/\/www.freiraum-gestalten-menden.de\/Web\/wp-content\/uploads\/2024\/04\/FRG-CM-768x284.jpg 768w, https:\/\/www.freiraum-gestalten-menden.de\/Web\/wp-content\/uploads\/2024\/04\/FRG-CM-1536x567.jpg 1536w, https:\/\/www.freiraum-gestalten-menden.de\/Web\/wp-content\/uploads\/2024\/04\/FRG-CM.jpg 1920w\" sizes=\"(max-width: 800px) 100vw, 800px\" \/><\/p>\n<p><strong>seit 1988<\/strong> Malerei &amp; Keramikarbeiten<br \/><strong>seit 1994<\/strong> Experimentelles Arbeiten mit Acryl &amp; Mischtechniken<br \/><strong>seit 1999<\/strong> Skulpturen aus Metall &amp; Holz<br \/><strong>seit 2001<\/strong> Mitglied \u00b4Kunstverein &#8222;Casa B&#8220; Iserlohn<br \/><strong>2004<\/strong> Einzelausstellung in Iserlohn<br \/><strong>2005<\/strong> Einzelausstellung in Dortmund, Fr\u00f6ndenberg, Hemer<br \/><strong>2009<\/strong> Dauerausstellung auf der Landesgartenschau Hemer<br \/><strong>2009 &#8211; 2010<\/strong> Galerieshop in Hemer<br \/><strong>2010<\/strong> Gemeinschaftsausstellung &#8222;Alte Fabrik&#8220; Balve<br \/><strong>2011<\/strong> Studium Malerei &amp; Grafik &#8222;ibkk&#8220; Bochum<br \/><strong>2011<\/strong> Leitung und Organisation der Kunst-Benefiz-Aktion zu Gunsten der Knochenmark Spendendatei &#8222;Stefan Morsch Stiftung&#8220;<br \/><strong>seit 2012<\/strong> Dozentin bei der VHS Menden-Hemer-Balve, Bereich experimentelle Acrylmalerei<br \/><strong>2012<\/strong> Ausstellung &#8222;Romantikhotel Neuhaus&#8220;, Iserlohn\/L\u00f6ssel<br \/><strong>2013<\/strong> Gemeinschaftsausstellung &#8222;querbeet&#8220;, Rathaus Menden<br \/><strong>2013<\/strong> Gemeinschaftsausstellung Hotel &#8222;Antoniush\u00fctte&#8220; in Balve\/Eisborn<br \/><strong>2014<\/strong> Gemeinschaftsausstellung Sauerlandpark Hemer<br \/><strong>2015<\/strong> Ausstellung &#8222;Arkaden&#8220;, Menden<br \/><strong>2016<\/strong> Ausstellung Galerie &#8222;Artisani&#8220;, Unna<br \/><strong>2016<\/strong> Meisterklassenausstellung &#8222;Galeriehaus Bochum&#8220;<br \/><strong>2016<\/strong> Ausstellung &#8222;Bilder &amp; Skulpturen&#8220;, Rathaus Menden<br \/><strong>2016<\/strong> seit Juni Galerieshop der &#8222;FreiraumGestalten&#8220; in Menden<br \/><strong>2017<\/strong> (Mai-Juni) Ausstellung Kloster Benediktbeuern, Bayern<br \/><strong>2017<\/strong> (November) &#8222;Zwischen Licht und Stahl &#8220; M\u00e4rkische\u00a0 Bank, Menden<br \/><strong>2018<\/strong> (April) Galeriehaus Bochum-Wattenscheid, Gemeinschaftsausstellung zum\u00a0Thema \u00a0&#8222;Der H\u00f6llensturz&#8220;<br \/><strong>2018<\/strong> (Mai), &#8222;L&#8217;Art au coeur de l&#8217;Europe 2018&#8220;<br \/><strong>2018<\/strong> (Mai) Ausstellung mit der K\u00fcnstlergem. FreiraumGestalten\u00a0Rathausfoyer Menden<br \/><strong>2018<\/strong> (Juni-Juli) &#8222;Proud Souls&#8220;, &#8222;Cafe Rix&#8220;, Berlin-Neuk\u00f6lln<br \/><strong>2018<\/strong> (Juni-Sept.) Ausstellung &#8222;Open Minds&#8220; im Weltrestaurant &#8222;Cabslam&#8220;,\u00a0Berlin<br \/><strong>2018<\/strong> (Juli-Sept.) Galerie &#8222;Eyegenart&#8220;, K\u00f6ln-Ehrenfeld<br \/><strong>2018<\/strong> (Sept.-Mai 2019), &#8222;Le Rustique&#8220;, Mulhouse<br \/><strong>2018<\/strong> (Oktober) Salon d`Automne &#8211; Grand-Palais, Avenue des Champs-\u00c9lys\u00e9es,\u00a0Paris<br \/><strong>2018<\/strong> (Okt.-Nov.) &#8222;Les Amazones des Beaux-Arts&#8220;, Neuf-Brisach<br \/><strong>2019-20<\/strong> National Art Center, Tokyo<br \/><strong>2019<\/strong> (Mai) &#8222;Cit\u00e9 Internationale des Arts&#8220;, Xi\u00b4an, China<br \/><strong>2019<\/strong> (Mai) Atelierhof Werenzhain<\/p>\n<div dir=\"auto\"><strong><u>Auszeichnungen\/Preise<\/u><\/strong><\/div>\n<div dir=\"auto\">\n<div dir=\"auto\"><strong>2011<\/strong> Auszeichnung der &#8222;Stefan Morsch Stiftung&#8220; (DKMS)<\/div>\n<div dir=\"auto\"><strong>2018<\/strong> 1.Preis &#8222;L&#8217;Art au coeur de l&#8217;Europe&#8220;<\/div>\n<div dir=\"auto\"><strong>2018<\/strong> Puplikumspreis &#8222;L&#8217;Art au coeur de l&#8217;Europe&#8220;<\/div>\n<\/div>\n<p><strong>Kontakt:<\/strong><br \/>Claudia M\u00f6lle<br \/>Mail: <a href=\"mailto:claudiamoelle12@gmail.com\">claudiamoelle12@gmail.com<\/a><\/p>\n<p><a href=\"http:\/\/www.atelierclaudiamoelle.de\/\" target=\"_blank\" rel=\"noopener\">www.atelierclaudiamoelle.de<\/a><\/p>\n<p><a href=\"https:\/\/www.facebook.com\/malo.malo.5011\" target=\"_blank\" rel=\"noopener\">Facebook<\/a><\/p>\n\n\n<div style=\"height:40px\" aria-hidden=\"true\" class=\"wp-block-spacer\"><\/div>\n\n\n\n<p><strong>Hier sehen Sie Beispiele meiner Arbeiten:<\/strong><\/p>\n\n\n\n<figure class=\"wp-block-gallery has-nested-images columns-default is-cropped wp-block-gallery-1 is-layout-flex wp-block-gallery-is-layout-flex\">\n<figure class=\"wp-block-image size-large\"><img decoding=\"async\" width=\"1002\" height=\"1024\" data-id=\"2860\" src=\"https:\/\/www.freiraum-gestalten-menden.de\/Web\/wp-content\/uploads\/2024\/04\/20210530_130548-1002x1024.jpg\" alt=\"\" class=\"wp-image-2860\" srcset=\"https:\/\/www.freiraum-gestalten-menden.de\/Web\/wp-content\/uploads\/2024\/04\/20210530_130548-1002x1024.jpg 1002w, https:\/\/www.freiraum-gestalten-menden.de\/Web\/wp-content\/uploads\/2024\/04\/20210530_130548-294x300.jpg 294w, https:\/\/www.freiraum-gestalten-menden.de\/Web\/wp-content\/uploads\/2024\/04\/20210530_130548-768x785.jpg 768w, https:\/\/www.freiraum-gestalten-menden.de\/Web\/wp-content\/uploads\/2024\/04\/20210530_130548-1503x1536.jpg 1503w, https:\/\/www.freiraum-gestalten-menden.de\/Web\/wp-content\/uploads\/2024\/04\/20210530_130548-2004x2048.jpg 2004w\" sizes=\"(max-width: 1002px) 100vw, 1002px\" \/><\/figure>\n\n\n\n<figure class=\"wp-block-image size-large\"><img decoding=\"async\" width=\"1002\" height=\"1024\" data-id=\"2861\" src=\"https:\/\/www.freiraum-gestalten-menden.de\/Web\/wp-content\/uploads\/2024\/04\/20210530_143243-1002x1024.jpg\" alt=\"\" class=\"wp-image-2861\" srcset=\"https:\/\/www.freiraum-gestalten-menden.de\/Web\/wp-content\/uploads\/2024\/04\/20210530_143243-1002x1024.jpg 1002w, https:\/\/www.freiraum-gestalten-menden.de\/Web\/wp-content\/uploads\/2024\/04\/20210530_143243-294x300.jpg 294w, https:\/\/www.freiraum-gestalten-menden.de\/Web\/wp-content\/uploads\/2024\/04\/20210530_143243-768x785.jpg 768w, https:\/\/www.freiraum-gestalten-menden.de\/Web\/wp-content\/uploads\/2024\/04\/20210530_143243-1503x1536.jpg 1503w, https:\/\/www.freiraum-gestalten-menden.de\/Web\/wp-content\/uploads\/2024\/04\/20210530_143243-2004x2048.jpg 2004w\" sizes=\"(max-width: 1002px) 100vw, 1002px\" \/><\/figure>\n\n\n\n<figure class=\"wp-block-image size-large\"><img loading=\"lazy\" decoding=\"async\" width=\"1002\" height=\"1024\" data-id=\"2859\" src=\"https:\/\/www.freiraum-gestalten-menden.de\/Web\/wp-content\/uploads\/2024\/04\/20220518_124325-1002x1024.jpg\" alt=\"\" class=\"wp-image-2859\" srcset=\"https:\/\/www.freiraum-gestalten-menden.de\/Web\/wp-content\/uploads\/2024\/04\/20220518_124325-1002x1024.jpg 1002w, https:\/\/www.freiraum-gestalten-menden.de\/Web\/wp-content\/uploads\/2024\/04\/20220518_124325-294x300.jpg 294w, https:\/\/www.freiraum-gestalten-menden.de\/Web\/wp-content\/uploads\/2024\/04\/20220518_124325-768x785.jpg 768w, https:\/\/www.freiraum-gestalten-menden.de\/Web\/wp-content\/uploads\/2024\/04\/20220518_124325-1503x1536.jpg 1503w, https:\/\/www.freiraum-gestalten-menden.de\/Web\/wp-content\/uploads\/2024\/04\/20220518_124325-2004x2048.jpg 2004w\" sizes=\"(max-width: 1002px) 100vw, 1002px\" \/><\/figure>\n\n\n\n<figure class=\"wp-block-image size-large\"><img loading=\"lazy\" decoding=\"async\" width=\"1002\" height=\"1024\" data-id=\"2858\" src=\"https:\/\/www.freiraum-gestalten-menden.de\/Web\/wp-content\/uploads\/2024\/04\/20230125_193637-1002x1024.jpg\" alt=\"\" class=\"wp-image-2858\" srcset=\"https:\/\/www.freiraum-gestalten-menden.de\/Web\/wp-content\/uploads\/2024\/04\/20230125_193637-1002x1024.jpg 1002w, https:\/\/www.freiraum-gestalten-menden.de\/Web\/wp-content\/uploads\/2024\/04\/20230125_193637-294x300.jpg 294w, https:\/\/www.freiraum-gestalten-menden.de\/Web\/wp-content\/uploads\/2024\/04\/20230125_193637-768x785.jpg 768w, https:\/\/www.freiraum-gestalten-menden.de\/Web\/wp-content\/uploads\/2024\/04\/20230125_193637-1503x1536.jpg 1503w, https:\/\/www.freiraum-gestalten-menden.de\/Web\/wp-content\/uploads\/2024\/04\/20230125_193637-2004x2048.jpg 2004w\" sizes=\"(max-width: 1002px) 100vw, 1002px\" \/><\/figure>\n<\/figure>\n\n\n\n<div style=\"height:60px\" aria-hidden=\"true\" class=\"wp-block-spacer\"><\/div>\n","protected":false},"excerpt":{"rendered":"<p>seit 1988 Malerei &amp; Keramikarbeitenseit 1994 Experimentelles Arbeiten mit Acryl &amp; Mischtechnikenseit 1999 Skulpturen aus Metall &amp; Holzseit 2001 Mitglied \u00b4Kunstverein &#8222;Casa B&#8220; Iserlohn2004 Einzelausstellung in Iserlohn2005 Einzelausstellung in Dortmund, Fr\u00f6ndenberg, Hemer2009 Dauerausstellung auf der Landesgartenschau Hemer2009 &#8211; 2010 Galerieshop in Hemer2010 Gemeinschaftsausstellung &#8222;Alte Fabrik&#8220; Balve2011 Studium Malerei &amp; Grafik &#8222;ibkk&#8220; Bochum2011 Leitung und Organisation [&hellip;]<\/p>\n","protected":false},"author":1,"featured_media":0,"parent":0,"menu_order":0,"comment_status":"closed","ping_status":"closed","template":"","meta":{"footnotes":""},"class_list":["post-18","page","type-page","status-publish","hentry"],"yoast_head":"<!-- This site is optimized with the Yoast SEO plugin v25.6 - https:\/\/yoast.com\/wordpress\/plugins\/seo\/ -->\n<title>Claudia M\u00f6lle - Freiraum Gestalten Menden<\/title>\n<meta name=\"description\" content=\"Beschreibung der K\u00fcnstlerin Claudia M\u00f6lle\" \/>\n<meta name=\"robots\" content=\"index, follow, max-snippet:-1, max-image-preview:large, max-video-preview:-1\" \/>\n<link rel=\"canonical\" href=\"https:\/\/www.freiraum-gestalten-menden.de\/Web\/claudia-moelle\/\" \/>\n<meta property=\"og:locale\" content=\"de_DE\" \/>\n<meta property=\"og:type\" content=\"article\" \/>\n<meta property=\"og:title\" content=\"Claudia M\u00f6lle - Freiraum Gestalten Menden\" \/>\n<meta property=\"og:description\" content=\"Beschreibung der K\u00fcnstlerin Claudia M\u00f6lle\" \/>\n<meta property=\"og:url\" content=\"https:\/\/www.freiraum-gestalten-menden.de\/Web\/claudia-moelle\/\" \/>\n<meta property=\"og:site_name\" content=\"Freiraum Gestalten Menden\" \/>\n<meta property=\"article:publisher\" content=\"https:\/\/www.facebook.com\/FreiraumGestaltenMenden\" \/>\n<meta property=\"article:modified_time\" content=\"2024-04-25T12:35:14+00:00\" \/>\n<meta property=\"og:image\" content=\"http:\/\/www.freiraum-gestalten-menden.de\/Web\/wp-content\/uploads\/2024\/04\/FRG-CM-1024x378.jpg\" \/>\n<meta name=\"twitter:card\" content=\"summary_large_image\" \/>\n<meta name=\"twitter:label1\" content=\"Gesch\u00e4tzte Lesezeit\" \/>\n\t<meta name=\"twitter:data1\" content=\"3\u00a0Minuten\" \/>\n<script type=\"application\/ld+json\" class=\"yoast-schema-graph\">{\"@context\":\"https:\/\/schema.org\",\"@graph\":[{\"@type\":\"WebPage\",\"@id\":\"https:\/\/www.freiraum-gestalten-menden.de\/Web\/claudia-moelle\/\",\"url\":\"https:\/\/www.freiraum-gestalten-menden.de\/Web\/claudia-moelle\/\",\"name\":\"Claudia M\u00f6lle - Freiraum Gestalten Menden\",\"isPartOf\":{\"@id\":\"https:\/\/www.freiraum-gestalten-menden.de\/Web\/#website\"},\"primaryImageOfPage\":{\"@id\":\"https:\/\/www.freiraum-gestalten-menden.de\/Web\/claudia-moelle\/#primaryimage\"},\"image\":{\"@id\":\"https:\/\/www.freiraum-gestalten-menden.de\/Web\/claudia-moelle\/#primaryimage\"},\"thumbnailUrl\":\"http:\/\/www.freiraum-gestalten-menden.de\/Web\/wp-content\/uploads\/2024\/04\/FRG-CM-1024x378.jpg\",\"datePublished\":\"2016-08-12T10:01:46+00:00\",\"dateModified\":\"2024-04-25T12:35:14+00:00\",\"description\":\"Beschreibung der K\u00fcnstlerin Claudia M\u00f6lle\",\"breadcrumb\":{\"@id\":\"https:\/\/www.freiraum-gestalten-menden.de\/Web\/claudia-moelle\/#breadcrumb\"},\"inLanguage\":\"de\",\"potentialAction\":[{\"@type\":\"ReadAction\",\"target\":[\"https:\/\/www.freiraum-gestalten-menden.de\/Web\/claudia-moelle\/\"]}]},{\"@type\":\"ImageObject\",\"inLanguage\":\"de\",\"@id\":\"https:\/\/www.freiraum-gestalten-menden.de\/Web\/claudia-moelle\/#primaryimage\",\"url\":\"https:\/\/www.freiraum-gestalten-menden.de\/Web\/wp-content\/uploads\/2024\/04\/FRG-CM.jpg\",\"contentUrl\":\"https:\/\/www.freiraum-gestalten-menden.de\/Web\/wp-content\/uploads\/2024\/04\/FRG-CM.jpg\",\"width\":1920,\"height\":709},{\"@type\":\"BreadcrumbList\",\"@id\":\"https:\/\/www.freiraum-gestalten-menden.de\/Web\/claudia-moelle\/#breadcrumb\",\"itemListElement\":[{\"@type\":\"ListItem\",\"position\":1,\"name\":\"Startseite\",\"item\":\"https:\/\/www.freiraum-gestalten-menden.de\/Web\/\"},{\"@type\":\"ListItem\",\"position\":2,\"name\":\"Claudia M\u00f6lle\"}]},{\"@type\":\"WebSite\",\"@id\":\"https:\/\/www.freiraum-gestalten-menden.de\/Web\/#website\",\"url\":\"https:\/\/www.freiraum-gestalten-menden.de\/Web\/\",\"name\":\"Freiraum Gestalten Menden\",\"description\":\"Gemeinschaft Mendener K\u00fcnstler\",\"publisher\":{\"@id\":\"https:\/\/www.freiraum-gestalten-menden.de\/Web\/#organization\"},\"potentialAction\":[{\"@type\":\"SearchAction\",\"target\":{\"@type\":\"EntryPoint\",\"urlTemplate\":\"https:\/\/www.freiraum-gestalten-menden.de\/Web\/?s={search_term_string}\"},\"query-input\":{\"@type\":\"PropertyValueSpecification\",\"valueRequired\":true,\"valueName\":\"search_term_string\"}}],\"inLanguage\":\"de\"},{\"@type\":\"Organization\",\"@id\":\"https:\/\/www.freiraum-gestalten-menden.de\/Web\/#organization\",\"name\":\"Freiraum Gestalten Menden\",\"url\":\"https:\/\/www.freiraum-gestalten-menden.de\/Web\/\",\"logo\":{\"@type\":\"ImageObject\",\"inLanguage\":\"de\",\"@id\":\"https:\/\/www.freiraum-gestalten-menden.de\/Web\/#\/schema\/logo\/image\/\",\"url\":\"https:\/\/www.freiraum-gestalten-menden.de\/Web\/wp-content\/uploads\/2024\/04\/FRG-FB-G.jpg\",\"contentUrl\":\"https:\/\/www.freiraum-gestalten-menden.de\/Web\/wp-content\/uploads\/2024\/04\/FRG-FB-G.jpg\",\"width\":1181,\"height\":1181,\"caption\":\"Freiraum Gestalten Menden\"},\"image\":{\"@id\":\"https:\/\/www.freiraum-gestalten-menden.de\/Web\/#\/schema\/logo\/image\/\"},\"sameAs\":[\"https:\/\/www.facebook.com\/FreiraumGestaltenMenden\"]}]}<\/script>\n<!-- \/ Yoast SEO plugin. -->","yoast_head_json":{"title":"Claudia M\u00f6lle - Freiraum Gestalten Menden","description":"Beschreibung der K\u00fcnstlerin Claudia M\u00f6lle","robots":{"index":"index","follow":"follow","max-snippet":"max-snippet:-1","max-image-preview":"max-image-preview:large","max-video-preview":"max-video-preview:-1"},"canonical":"https:\/\/www.freiraum-gestalten-menden.de\/Web\/claudia-moelle\/","og_locale":"de_DE","og_type":"article","og_title":"Claudia M\u00f6lle - Freiraum Gestalten Menden","og_description":"Beschreibung der K\u00fcnstlerin Claudia M\u00f6lle","og_url":"https:\/\/www.freiraum-gestalten-menden.de\/Web\/claudia-moelle\/","og_site_name":"Freiraum Gestalten Menden","article_publisher":"https:\/\/www.facebook.com\/FreiraumGestaltenMenden","article_modified_time":"2024-04-25T12:35:14+00:00","og_image":[{"url":"http:\/\/www.freiraum-gestalten-menden.de\/Web\/wp-content\/uploads\/2024\/04\/FRG-CM-1024x378.jpg","type":"","width":"","height":""}],"twitter_card":"summary_large_image","twitter_misc":{"Gesch\u00e4tzte Lesezeit":"3\u00a0Minuten"},"schema":{"@context":"https:\/\/schema.org","@graph":[{"@type":"WebPage","@id":"https:\/\/www.freiraum-gestalten-menden.de\/Web\/claudia-moelle\/","url":"https:\/\/www.freiraum-gestalten-menden.de\/Web\/claudia-moelle\/","name":"Claudia M\u00f6lle - Freiraum Gestalten Menden","isPartOf":{"@id":"https:\/\/www.freiraum-gestalten-menden.de\/Web\/#website"},"primaryImageOfPage":{"@id":"https:\/\/www.freiraum-gestalten-menden.de\/Web\/claudia-moelle\/#primaryimage"},"image":{"@id":"https:\/\/www.freiraum-gestalten-menden.de\/Web\/claudia-moelle\/#primaryimage"},"thumbnailUrl":"http:\/\/www.freiraum-gestalten-menden.de\/Web\/wp-content\/uploads\/2024\/04\/FRG-CM-1024x378.jpg","datePublished":"2016-08-12T10:01:46+00:00","dateModified":"2024-04-25T12:35:14+00:00","description":"Beschreibung der K\u00fcnstlerin Claudia M\u00f6lle","breadcrumb":{"@id":"https:\/\/www.freiraum-gestalten-menden.de\/Web\/claudia-moelle\/#breadcrumb"},"inLanguage":"de","potentialAction":[{"@type":"ReadAction","target":["https:\/\/www.freiraum-gestalten-menden.de\/Web\/claudia-moelle\/"]}]},{"@type":"ImageObject","inLanguage":"de","@id":"https:\/\/www.freiraum-gestalten-menden.de\/Web\/claudia-moelle\/#primaryimage","url":"https:\/\/www.freiraum-gestalten-menden.de\/Web\/wp-content\/uploads\/2024\/04\/FRG-CM.jpg","contentUrl":"https:\/\/www.freiraum-gestalten-menden.de\/Web\/wp-content\/uploads\/2024\/04\/FRG-CM.jpg","width":1920,"height":709},{"@type":"BreadcrumbList","@id":"https:\/\/www.freiraum-gestalten-menden.de\/Web\/claudia-moelle\/#breadcrumb","itemListElement":[{"@type":"ListItem","position":1,"name":"Startseite","item":"https:\/\/www.freiraum-gestalten-menden.de\/Web\/"},{"@type":"ListItem","position":2,"name":"Claudia M\u00f6lle"}]},{"@type":"WebSite","@id":"https:\/\/www.freiraum-gestalten-menden.de\/Web\/#website","url":"https:\/\/www.freiraum-gestalten-menden.de\/Web\/","name":"Freiraum Gestalten Menden","description":"Gemeinschaft Mendener K\u00fcnstler","publisher":{"@id":"https:\/\/www.freiraum-gestalten-menden.de\/Web\/#organization"},"potentialAction":[{"@type":"SearchAction","target":{"@type":"EntryPoint","urlTemplate":"https:\/\/www.freiraum-gestalten-menden.de\/Web\/?s={search_term_string}"},"query-input":{"@type":"PropertyValueSpecification","valueRequired":true,"valueName":"search_term_string"}}],"inLanguage":"de"},{"@type":"Organization","@id":"https:\/\/www.freiraum-gestalten-menden.de\/Web\/#organization","name":"Freiraum Gestalten Menden","url":"https:\/\/www.freiraum-gestalten-menden.de\/Web\/","logo":{"@type":"ImageObject","inLanguage":"de","@id":"https:\/\/www.freiraum-gestalten-menden.de\/Web\/#\/schema\/logo\/image\/","url":"https:\/\/www.freiraum-gestalten-menden.de\/Web\/wp-content\/uploads\/2024\/04\/FRG-FB-G.jpg","contentUrl":"https:\/\/www.freiraum-gestalten-menden.de\/Web\/wp-content\/uploads\/2024\/04\/FRG-FB-G.jpg","width":1181,"height":1181,"caption":"Freiraum Gestalten Menden"},"image":{"@id":"https:\/\/www.freiraum-gestalten-menden.de\/Web\/#\/schema\/logo\/image\/"},"sameAs":["https:\/\/www.facebook.com\/FreiraumGestaltenMenden"]}]}},"_links":{"self":[{"href":"https:\/\/www.freiraum-gestalten-menden.de\/Web\/wp-json\/wp\/v2\/pages\/18"}],"collection":[{"href":"https:\/\/www.freiraum-gestalten-menden.de\/Web\/wp-json\/wp\/v2\/pages"}],"about":[{"href":"https:\/\/www.freiraum-gestalten-menden.de\/Web\/wp-json\/wp\/v2\/types\/page"}],"author":[{"embeddable":true,"href":"https:\/\/www.freiraum-gestalten-menden.de\/Web\/wp-json\/wp\/v2\/users\/1"}],"replies":[{"embeddable":true,"href":"https:\/\/www.freiraum-gestalten-menden.de\/Web\/wp-json\/wp\/v2\/comments?post=18"}],"version-history":[{"count":0,"href":"https:\/\/www.freiraum-gestalten-menden.de\/Web\/wp-json\/wp\/v2\/pages\/18\/revisions"}],"wp:attachment":[{"href":"https:\/\/www.freiraum-gestalten-menden.de\/Web\/wp-json\/wp\/v2\/media?parent=18"}],"curies":[{"name":"wp","href":"https:\/\/api.w.org\/{rel}","templated":true}]}}