{"id":14,"date":"2016-08-12T12:00:12","date_gmt":"2016-08-12T10:00:12","guid":{"rendered":"http:\/\/www.freiraum-gestalten-menden.de\/Web\/?page_id=14"},"modified":"2024-04-25T14:41:31","modified_gmt":"2024-04-25T12:41:31","slug":"die-kuenstler","status":"publish","type":"page","link":"https:\/\/www.freiraum-gestalten-menden.de\/Web\/die-kuenstler\/","title":{"rendered":"Die K\u00fcnstler"},"content":{"rendered":"\n<p class=\"has-text-align-left\">Die Gemeinschaft &#8222;FreiraumGestalten&#8220; setzt sich aus unterschiedlichsten K\u00fcnstlern des weitl\u00e4ufigen Raumes Menden zusammen, die es sich zur Aufgaben gemacht hat &#8222;freie R\u00e4ume zu gestalten&#8220; &#8211; in Form von&nbsp; Fotografien, Malereien, Zeichnungen und\/oder Skulpturen.<\/p>\n\n\n\n<p class=\"has-text-align-left\"><strong>Hier finden Sie die Informationen rund um die einzelnen K\u00fcnstler und deren Arbeiten:<span id=\"transmark\" style=\"display: none; width: 0px; height: 0px;\"><\/span><\/strong><\/p>\n\n\n\n<figure class=\"wp-block-image size-large\"><a href=\"https:\/\/www.freiraum-gestalten-menden.de\/Web\/alexander-wotschel\/\"><img fetchpriority=\"high\" decoding=\"async\" width=\"1024\" height=\"378\" src=\"https:\/\/www.freiraum-gestalten-menden.de\/Web\/wp-content\/uploads\/2024\/04\/FRG-AW-1024x378.jpg\" alt=\"\" class=\"wp-image-2915\" srcset=\"https:\/\/www.freiraum-gestalten-menden.de\/Web\/wp-content\/uploads\/2024\/04\/FRG-AW-1024x378.jpg 1024w, https:\/\/www.freiraum-gestalten-menden.de\/Web\/wp-content\/uploads\/2024\/04\/FRG-AW-300x111.jpg 300w, https:\/\/www.freiraum-gestalten-menden.de\/Web\/wp-content\/uploads\/2024\/04\/FRG-AW-768x284.jpg 768w, https:\/\/www.freiraum-gestalten-menden.de\/Web\/wp-content\/uploads\/2024\/04\/FRG-AW-1536x567.jpg 1536w, https:\/\/www.freiraum-gestalten-menden.de\/Web\/wp-content\/uploads\/2024\/04\/FRG-AW.jpg 1920w\" sizes=\"(max-width: 1024px) 100vw, 1024px\" \/><\/a><\/figure>\n\n\n\n<p class=\"has-text-align-left\"><\/p>\n\n\n\n<figure class=\"wp-block-image size-large\"><a href=\"https:\/\/www.freiraum-gestalten-menden.de\/Web\/claudia-moelle\/\"><img decoding=\"async\" width=\"1024\" height=\"378\" src=\"https:\/\/www.freiraum-gestalten-menden.de\/Web\/wp-content\/uploads\/2024\/04\/FRG-CM-1024x378.jpg\" alt=\"\" class=\"wp-image-2917\" srcset=\"https:\/\/www.freiraum-gestalten-menden.de\/Web\/wp-content\/uploads\/2024\/04\/FRG-CM-1024x378.jpg 1024w, https:\/\/www.freiraum-gestalten-menden.de\/Web\/wp-content\/uploads\/2024\/04\/FRG-CM-300x111.jpg 300w, https:\/\/www.freiraum-gestalten-menden.de\/Web\/wp-content\/uploads\/2024\/04\/FRG-CM-768x284.jpg 768w, https:\/\/www.freiraum-gestalten-menden.de\/Web\/wp-content\/uploads\/2024\/04\/FRG-CM-1536x567.jpg 1536w, https:\/\/www.freiraum-gestalten-menden.de\/Web\/wp-content\/uploads\/2024\/04\/FRG-CM.jpg 1920w\" sizes=\"(max-width: 1024px) 100vw, 1024px\" \/><\/a><\/figure>\n\n\n\n<p class=\"has-text-align-left\"><\/p>\n\n\n\n<figure class=\"wp-block-image size-large\"><a href=\"https:\/\/www.freiraum-gestalten-menden.de\/Web\/larisa-votchel\/\"><img decoding=\"async\" width=\"1024\" height=\"378\" src=\"https:\/\/www.freiraum-gestalten-menden.de\/Web\/wp-content\/uploads\/2024\/04\/FRG-LV-1024x378.jpg\" alt=\"\" class=\"wp-image-2918\" srcset=\"https:\/\/www.freiraum-gestalten-menden.de\/Web\/wp-content\/uploads\/2024\/04\/FRG-LV-1024x378.jpg 1024w, https:\/\/www.freiraum-gestalten-menden.de\/Web\/wp-content\/uploads\/2024\/04\/FRG-LV-300x111.jpg 300w, https:\/\/www.freiraum-gestalten-menden.de\/Web\/wp-content\/uploads\/2024\/04\/FRG-LV-768x284.jpg 768w, https:\/\/www.freiraum-gestalten-menden.de\/Web\/wp-content\/uploads\/2024\/04\/FRG-LV-1536x567.jpg 1536w, https:\/\/www.freiraum-gestalten-menden.de\/Web\/wp-content\/uploads\/2024\/04\/FRG-LV.jpg 1920w\" sizes=\"(max-width: 1024px) 100vw, 1024px\" \/><\/a><\/figure>\n\n\n\n<p class=\"has-text-align-left\"><\/p>\n\n\n\n<figure class=\"wp-block-image size-large\"><a href=\"https:\/\/www.freiraum-gestalten-menden.de\/Web\/monika-graf\/\"><img loading=\"lazy\" decoding=\"async\" width=\"1024\" height=\"378\" src=\"https:\/\/www.freiraum-gestalten-menden.de\/Web\/wp-content\/uploads\/2024\/04\/FRG-MG-1024x378.jpg\" alt=\"\" class=\"wp-image-2919\" srcset=\"https:\/\/www.freiraum-gestalten-menden.de\/Web\/wp-content\/uploads\/2024\/04\/FRG-MG-1024x378.jpg 1024w, https:\/\/www.freiraum-gestalten-menden.de\/Web\/wp-content\/uploads\/2024\/04\/FRG-MG-300x111.jpg 300w, https:\/\/www.freiraum-gestalten-menden.de\/Web\/wp-content\/uploads\/2024\/04\/FRG-MG-768x284.jpg 768w, https:\/\/www.freiraum-gestalten-menden.de\/Web\/wp-content\/uploads\/2024\/04\/FRG-MG-1536x567.jpg 1536w, https:\/\/www.freiraum-gestalten-menden.de\/Web\/wp-content\/uploads\/2024\/04\/FRG-MG.jpg 1920w\" sizes=\"(max-width: 1024px) 100vw, 1024px\" \/><\/a><\/figure>\n\n\n\n<p class=\"has-text-align-left\"><\/p>\n\n\n\n<figure class=\"wp-block-image size-large\"><a href=\"https:\/\/www.freiraum-gestalten-menden.de\/Web\/ronaldo-krack\/\"><img loading=\"lazy\" decoding=\"async\" width=\"1024\" height=\"378\" src=\"https:\/\/www.freiraum-gestalten-menden.de\/Web\/wp-content\/uploads\/2024\/04\/FRG-RK-1024x378.jpg\" alt=\"\" class=\"wp-image-2929\" srcset=\"https:\/\/www.freiraum-gestalten-menden.de\/Web\/wp-content\/uploads\/2024\/04\/FRG-RK-1024x378.jpg 1024w, https:\/\/www.freiraum-gestalten-menden.de\/Web\/wp-content\/uploads\/2024\/04\/FRG-RK-300x111.jpg 300w, https:\/\/www.freiraum-gestalten-menden.de\/Web\/wp-content\/uploads\/2024\/04\/FRG-RK-768x284.jpg 768w, https:\/\/www.freiraum-gestalten-menden.de\/Web\/wp-content\/uploads\/2024\/04\/FRG-RK-1536x567.jpg 1536w, https:\/\/www.freiraum-gestalten-menden.de\/Web\/wp-content\/uploads\/2024\/04\/FRG-RK.jpg 1920w\" sizes=\"(max-width: 1024px) 100vw, 1024px\" \/><\/a><\/figure>\n\n\n\n<p class=\"has-text-align-left\"><\/p>\n\n\n\n<figure class=\"wp-block-image size-large\"><a href=\"https:\/\/www.freiraum-gestalten-menden.de\/Web\/andreadoerfers\/\"><img loading=\"lazy\" decoding=\"async\" width=\"1024\" height=\"378\" src=\"https:\/\/www.freiraum-gestalten-menden.de\/Web\/wp-content\/uploads\/2024\/04\/FRG-AD-1024x378.jpg\" alt=\"\" class=\"wp-image-2921\" srcset=\"https:\/\/www.freiraum-gestalten-menden.de\/Web\/wp-content\/uploads\/2024\/04\/FRG-AD-1024x378.jpg 1024w, https:\/\/www.freiraum-gestalten-menden.de\/Web\/wp-content\/uploads\/2024\/04\/FRG-AD-300x111.jpg 300w, https:\/\/www.freiraum-gestalten-menden.de\/Web\/wp-content\/uploads\/2024\/04\/FRG-AD-768x284.jpg 768w, https:\/\/www.freiraum-gestalten-menden.de\/Web\/wp-content\/uploads\/2024\/04\/FRG-AD-1536x567.jpg 1536w, https:\/\/www.freiraum-gestalten-menden.de\/Web\/wp-content\/uploads\/2024\/04\/FRG-AD.jpg 1920w\" sizes=\"(max-width: 1024px) 100vw, 1024px\" \/><\/a><\/figure>\n\n\n\n<p class=\"has-text-align-left\"><\/p>\n\n\n\n<figure class=\"wp-block-image size-large\"><a href=\"https:\/\/www.freiraum-gestalten-menden.de\/Web\/angela-seebohm\/\"><img loading=\"lazy\" decoding=\"async\" width=\"1024\" height=\"378\" src=\"https:\/\/www.freiraum-gestalten-menden.de\/Web\/wp-content\/uploads\/2024\/04\/FRG-AS-1024x378.jpg\" alt=\"\" class=\"wp-image-2922\" srcset=\"https:\/\/www.freiraum-gestalten-menden.de\/Web\/wp-content\/uploads\/2024\/04\/FRG-AS-1024x378.jpg 1024w, https:\/\/www.freiraum-gestalten-menden.de\/Web\/wp-content\/uploads\/2024\/04\/FRG-AS-300x111.jpg 300w, https:\/\/www.freiraum-gestalten-menden.de\/Web\/wp-content\/uploads\/2024\/04\/FRG-AS-768x284.jpg 768w, https:\/\/www.freiraum-gestalten-menden.de\/Web\/wp-content\/uploads\/2024\/04\/FRG-AS-1536x567.jpg 1536w, https:\/\/www.freiraum-gestalten-menden.de\/Web\/wp-content\/uploads\/2024\/04\/FRG-AS.jpg 1920w\" sizes=\"(max-width: 1024px) 100vw, 1024px\" \/><\/a><\/figure>\n\n\n\n<p class=\"has-text-align-left\"><\/p>\n\n\n\n<figure class=\"wp-block-image size-large\"><a href=\"https:\/\/www.freiraum-gestalten-menden.de\/Web\/silvia-schaefer\/\"><img loading=\"lazy\" decoding=\"async\" width=\"1024\" height=\"378\" src=\"https:\/\/www.freiraum-gestalten-menden.de\/Web\/wp-content\/uploads\/2024\/04\/FRG-SS-1024x378.jpg\" alt=\"\" class=\"wp-image-2923\" srcset=\"https:\/\/www.freiraum-gestalten-menden.de\/Web\/wp-content\/uploads\/2024\/04\/FRG-SS-1024x378.jpg 1024w, https:\/\/www.freiraum-gestalten-menden.de\/Web\/wp-content\/uploads\/2024\/04\/FRG-SS-300x111.jpg 300w, https:\/\/www.freiraum-gestalten-menden.de\/Web\/wp-content\/uploads\/2024\/04\/FRG-SS-768x284.jpg 768w, https:\/\/www.freiraum-gestalten-menden.de\/Web\/wp-content\/uploads\/2024\/04\/FRG-SS-1536x567.jpg 1536w, https:\/\/www.freiraum-gestalten-menden.de\/Web\/wp-content\/uploads\/2024\/04\/FRG-SS.jpg 1920w\" sizes=\"(max-width: 1024px) 100vw, 1024px\" \/><\/a><\/figure>\n\n\n\n<p class=\"has-text-align-left\"><\/p>\n\n\n\n<figure class=\"wp-block-image size-large\"><a href=\"https:\/\/www.freiraum-gestalten-menden.de\/Web\/annette-henderson-neumann\/\"><img loading=\"lazy\" decoding=\"async\" width=\"1024\" height=\"378\" src=\"https:\/\/www.freiraum-gestalten-menden.de\/Web\/wp-content\/uploads\/2024\/04\/FRG-AHN-1024x378.jpg\" alt=\"\" class=\"wp-image-2924\" srcset=\"https:\/\/www.freiraum-gestalten-menden.de\/Web\/wp-content\/uploads\/2024\/04\/FRG-AHN-1024x378.jpg 1024w, https:\/\/www.freiraum-gestalten-menden.de\/Web\/wp-content\/uploads\/2024\/04\/FRG-AHN-300x111.jpg 300w, https:\/\/www.freiraum-gestalten-menden.de\/Web\/wp-content\/uploads\/2024\/04\/FRG-AHN-768x284.jpg 768w, https:\/\/www.freiraum-gestalten-menden.de\/Web\/wp-content\/uploads\/2024\/04\/FRG-AHN-1536x567.jpg 1536w, https:\/\/www.freiraum-gestalten-menden.de\/Web\/wp-content\/uploads\/2024\/04\/FRG-AHN.jpg 1920w\" sizes=\"(max-width: 1024px) 100vw, 1024px\" \/><\/a><\/figure>\n\n\n\n<p class=\"has-text-align-left\"><\/p>\n\n\n\n<figure class=\"wp-block-image size-large\"><a href=\"https:\/\/www.freiraum-gestalten-menden.de\/Web\/bruno-berheide\/\"><img loading=\"lazy\" decoding=\"async\" width=\"1024\" height=\"378\" src=\"https:\/\/www.freiraum-gestalten-menden.de\/Web\/wp-content\/uploads\/2024\/04\/FRG-BH-1024x378.jpg\" alt=\"\" class=\"wp-image-2925\" srcset=\"https:\/\/www.freiraum-gestalten-menden.de\/Web\/wp-content\/uploads\/2024\/04\/FRG-BH-1024x378.jpg 1024w, https:\/\/www.freiraum-gestalten-menden.de\/Web\/wp-content\/uploads\/2024\/04\/FRG-BH-300x111.jpg 300w, https:\/\/www.freiraum-gestalten-menden.de\/Web\/wp-content\/uploads\/2024\/04\/FRG-BH-768x284.jpg 768w, https:\/\/www.freiraum-gestalten-menden.de\/Web\/wp-content\/uploads\/2024\/04\/FRG-BH-1536x567.jpg 1536w, https:\/\/www.freiraum-gestalten-menden.de\/Web\/wp-content\/uploads\/2024\/04\/FRG-BH.jpg 1920w\" sizes=\"(max-width: 1024px) 100vw, 1024px\" \/><\/a><\/figure>\n\n\n\n<figure class=\"wp-block-image size-large\"><a href=\"https:\/\/www.freiraum-gestalten-menden.de\/Web\/margit-huebner\/\"><img loading=\"lazy\" decoding=\"async\" width=\"1024\" height=\"378\" src=\"https:\/\/www.freiraum-gestalten-menden.de\/Web\/wp-content\/uploads\/2024\/04\/FRG-MH-1024x378.jpg\" alt=\"\" class=\"wp-image-2926\" srcset=\"https:\/\/www.freiraum-gestalten-menden.de\/Web\/wp-content\/uploads\/2024\/04\/FRG-MH-1024x378.jpg 1024w, https:\/\/www.freiraum-gestalten-menden.de\/Web\/wp-content\/uploads\/2024\/04\/FRG-MH-300x111.jpg 300w, https:\/\/www.freiraum-gestalten-menden.de\/Web\/wp-content\/uploads\/2024\/04\/FRG-MH-768x284.jpg 768w, https:\/\/www.freiraum-gestalten-menden.de\/Web\/wp-content\/uploads\/2024\/04\/FRG-MH-1536x567.jpg 1536w, https:\/\/www.freiraum-gestalten-menden.de\/Web\/wp-content\/uploads\/2024\/04\/FRG-MH.jpg 1920w\" sizes=\"(max-width: 1024px) 100vw, 1024px\" \/><\/a><\/figure>\n\n\n\n<figure class=\"wp-block-image size-large\"><a href=\"https:\/\/www.freiraum-gestalten-menden.de\/Web\/gabi-wittmann\/\"><img loading=\"lazy\" decoding=\"async\" width=\"1024\" height=\"378\" src=\"https:\/\/www.freiraum-gestalten-menden.de\/Web\/wp-content\/uploads\/2024\/04\/FRG-GW-1024x378.jpg\" alt=\"\" class=\"wp-image-2927\" srcset=\"https:\/\/www.freiraum-gestalten-menden.de\/Web\/wp-content\/uploads\/2024\/04\/FRG-GW-1024x378.jpg 1024w, https:\/\/www.freiraum-gestalten-menden.de\/Web\/wp-content\/uploads\/2024\/04\/FRG-GW-300x111.jpg 300w, https:\/\/www.freiraum-gestalten-menden.de\/Web\/wp-content\/uploads\/2024\/04\/FRG-GW-768x284.jpg 768w, https:\/\/www.freiraum-gestalten-menden.de\/Web\/wp-content\/uploads\/2024\/04\/FRG-GW-1536x567.jpg 1536w, https:\/\/www.freiraum-gestalten-menden.de\/Web\/wp-content\/uploads\/2024\/04\/FRG-GW.jpg 1920w\" sizes=\"(max-width: 1024px) 100vw, 1024px\" \/><\/a><\/figure>\n\n\n\n<p class=\"has-text-align-left\"><\/p>\n","protected":false},"excerpt":{"rendered":"<p>Die Gemeinschaft &#8222;FreiraumGestalten&#8220; setzt sich aus unterschiedlichsten K\u00fcnstlern des weitl\u00e4ufigen Raumes Menden zusammen, die es sich zur Aufgaben gemacht hat &#8222;freie R\u00e4ume zu gestalten&#8220; &#8211; in Form von&nbsp; Fotografien, Malereien, Zeichnungen und\/oder Skulpturen. Hier finden Sie die Informationen rund um die einzelnen K\u00fcnstler und deren Arbeiten:<\/p>\n","protected":false},"author":1,"featured_media":0,"parent":0,"menu_order":0,"comment_status":"closed","ping_status":"closed","template":"","meta":{"footnotes":""},"class_list":["post-14","page","type-page","status-publish","hentry"],"yoast_head":"<!-- This site is optimized with the Yoast SEO plugin v25.6 - https:\/\/yoast.com\/wordpress\/plugins\/seo\/ -->\n<title>Die K\u00fcnstler - Freiraum Gestalten Menden<\/title>\n<meta name=\"description\" content=\"Die K\u00fcnstler\" \/>\n<meta name=\"robots\" content=\"index, follow, max-snippet:-1, max-image-preview:large, max-video-preview:-1\" \/>\n<link rel=\"canonical\" href=\"https:\/\/www.freiraum-gestalten-menden.de\/Web\/die-kuenstler\/\" \/>\n<meta property=\"og:locale\" content=\"de_DE\" \/>\n<meta property=\"og:type\" content=\"article\" \/>\n<meta property=\"og:title\" content=\"Die K\u00fcnstler - Freiraum Gestalten Menden\" \/>\n<meta property=\"og:description\" content=\"Die K\u00fcnstler\" \/>\n<meta property=\"og:url\" content=\"https:\/\/www.freiraum-gestalten-menden.de\/Web\/die-kuenstler\/\" \/>\n<meta property=\"og:site_name\" content=\"Freiraum Gestalten Menden\" \/>\n<meta property=\"article:publisher\" content=\"https:\/\/www.facebook.com\/FreiraumGestaltenMenden\" \/>\n<meta property=\"article:modified_time\" content=\"2024-04-25T12:41:31+00:00\" \/>\n<meta property=\"og:image\" content=\"https:\/\/www.freiraum-gestalten-menden.de\/Web\/wp-content\/uploads\/2024\/04\/FRG-AW-1024x378.jpg\" \/>\n<meta name=\"twitter:card\" content=\"summary_large_image\" \/>\n<meta name=\"twitter:label1\" content=\"Gesch\u00e4tzte Lesezeit\" \/>\n\t<meta name=\"twitter:data1\" content=\"3\u00a0Minuten\" \/>\n<script type=\"application\/ld+json\" class=\"yoast-schema-graph\">{\"@context\":\"https:\/\/schema.org\",\"@graph\":[{\"@type\":\"WebPage\",\"@id\":\"https:\/\/www.freiraum-gestalten-menden.de\/Web\/die-kuenstler\/\",\"url\":\"https:\/\/www.freiraum-gestalten-menden.de\/Web\/die-kuenstler\/\",\"name\":\"Die K\u00fcnstler - Freiraum Gestalten Menden\",\"isPartOf\":{\"@id\":\"https:\/\/www.freiraum-gestalten-menden.de\/Web\/#website\"},\"primaryImageOfPage\":{\"@id\":\"https:\/\/www.freiraum-gestalten-menden.de\/Web\/die-kuenstler\/#primaryimage\"},\"image\":{\"@id\":\"https:\/\/www.freiraum-gestalten-menden.de\/Web\/die-kuenstler\/#primaryimage\"},\"thumbnailUrl\":\"https:\/\/www.freiraum-gestalten-menden.de\/Web\/wp-content\/uploads\/2024\/04\/FRG-AW-1024x378.jpg\",\"datePublished\":\"2016-08-12T10:00:12+00:00\",\"dateModified\":\"2024-04-25T12:41:31+00:00\",\"description\":\"Die K\u00fcnstler\",\"breadcrumb\":{\"@id\":\"https:\/\/www.freiraum-gestalten-menden.de\/Web\/die-kuenstler\/#breadcrumb\"},\"inLanguage\":\"de\",\"potentialAction\":[{\"@type\":\"ReadAction\",\"target\":[\"https:\/\/www.freiraum-gestalten-menden.de\/Web\/die-kuenstler\/\"]}]},{\"@type\":\"ImageObject\",\"inLanguage\":\"de\",\"@id\":\"https:\/\/www.freiraum-gestalten-menden.de\/Web\/die-kuenstler\/#primaryimage\",\"url\":\"https:\/\/www.freiraum-gestalten-menden.de\/Web\/wp-content\/uploads\/2024\/04\/FRG-AW.jpg\",\"contentUrl\":\"https:\/\/www.freiraum-gestalten-menden.de\/Web\/wp-content\/uploads\/2024\/04\/FRG-AW.jpg\",\"width\":1920,\"height\":709},{\"@type\":\"BreadcrumbList\",\"@id\":\"https:\/\/www.freiraum-gestalten-menden.de\/Web\/die-kuenstler\/#breadcrumb\",\"itemListElement\":[{\"@type\":\"ListItem\",\"position\":1,\"name\":\"Startseite\",\"item\":\"https:\/\/www.freiraum-gestalten-menden.de\/Web\/\"},{\"@type\":\"ListItem\",\"position\":2,\"name\":\"Die K\u00fcnstler\"}]},{\"@type\":\"WebSite\",\"@id\":\"https:\/\/www.freiraum-gestalten-menden.de\/Web\/#website\",\"url\":\"https:\/\/www.freiraum-gestalten-menden.de\/Web\/\",\"name\":\"Freiraum Gestalten Menden\",\"description\":\"Gemeinschaft Mendener K\u00fcnstler\",\"publisher\":{\"@id\":\"https:\/\/www.freiraum-gestalten-menden.de\/Web\/#organization\"},\"potentialAction\":[{\"@type\":\"SearchAction\",\"target\":{\"@type\":\"EntryPoint\",\"urlTemplate\":\"https:\/\/www.freiraum-gestalten-menden.de\/Web\/?s={search_term_string}\"},\"query-input\":{\"@type\":\"PropertyValueSpecification\",\"valueRequired\":true,\"valueName\":\"search_term_string\"}}],\"inLanguage\":\"de\"},{\"@type\":\"Organization\",\"@id\":\"https:\/\/www.freiraum-gestalten-menden.de\/Web\/#organization\",\"name\":\"Freiraum Gestalten Menden\",\"url\":\"https:\/\/www.freiraum-gestalten-menden.de\/Web\/\",\"logo\":{\"@type\":\"ImageObject\",\"inLanguage\":\"de\",\"@id\":\"https:\/\/www.freiraum-gestalten-menden.de\/Web\/#\/schema\/logo\/image\/\",\"url\":\"https:\/\/www.freiraum-gestalten-menden.de\/Web\/wp-content\/uploads\/2024\/04\/FRG-FB-G.jpg\",\"contentUrl\":\"https:\/\/www.freiraum-gestalten-menden.de\/Web\/wp-content\/uploads\/2024\/04\/FRG-FB-G.jpg\",\"width\":1181,\"height\":1181,\"caption\":\"Freiraum Gestalten Menden\"},\"image\":{\"@id\":\"https:\/\/www.freiraum-gestalten-menden.de\/Web\/#\/schema\/logo\/image\/\"},\"sameAs\":[\"https:\/\/www.facebook.com\/FreiraumGestaltenMenden\"]}]}<\/script>\n<!-- \/ Yoast SEO plugin. -->","yoast_head_json":{"title":"Die K\u00fcnstler - Freiraum Gestalten Menden","description":"Die K\u00fcnstler","robots":{"index":"index","follow":"follow","max-snippet":"max-snippet:-1","max-image-preview":"max-image-preview:large","max-video-preview":"max-video-preview:-1"},"canonical":"https:\/\/www.freiraum-gestalten-menden.de\/Web\/die-kuenstler\/","og_locale":"de_DE","og_type":"article","og_title":"Die K\u00fcnstler - Freiraum Gestalten Menden","og_description":"Die K\u00fcnstler","og_url":"https:\/\/www.freiraum-gestalten-menden.de\/Web\/die-kuenstler\/","og_site_name":"Freiraum Gestalten Menden","article_publisher":"https:\/\/www.facebook.com\/FreiraumGestaltenMenden","article_modified_time":"2024-04-25T12:41:31+00:00","og_image":[{"url":"https:\/\/www.freiraum-gestalten-menden.de\/Web\/wp-content\/uploads\/2024\/04\/FRG-AW-1024x378.jpg","type":"","width":"","height":""}],"twitter_card":"summary_large_image","twitter_misc":{"Gesch\u00e4tzte Lesezeit":"3\u00a0Minuten"},"schema":{"@context":"https:\/\/schema.org","@graph":[{"@type":"WebPage","@id":"https:\/\/www.freiraum-gestalten-menden.de\/Web\/die-kuenstler\/","url":"https:\/\/www.freiraum-gestalten-menden.de\/Web\/die-kuenstler\/","name":"Die K\u00fcnstler - Freiraum Gestalten Menden","isPartOf":{"@id":"https:\/\/www.freiraum-gestalten-menden.de\/Web\/#website"},"primaryImageOfPage":{"@id":"https:\/\/www.freiraum-gestalten-menden.de\/Web\/die-kuenstler\/#primaryimage"},"image":{"@id":"https:\/\/www.freiraum-gestalten-menden.de\/Web\/die-kuenstler\/#primaryimage"},"thumbnailUrl":"https:\/\/www.freiraum-gestalten-menden.de\/Web\/wp-content\/uploads\/2024\/04\/FRG-AW-1024x378.jpg","datePublished":"2016-08-12T10:00:12+00:00","dateModified":"2024-04-25T12:41:31+00:00","description":"Die K\u00fcnstler","breadcrumb":{"@id":"https:\/\/www.freiraum-gestalten-menden.de\/Web\/die-kuenstler\/#breadcrumb"},"inLanguage":"de","potentialAction":[{"@type":"ReadAction","target":["https:\/\/www.freiraum-gestalten-menden.de\/Web\/die-kuenstler\/"]}]},{"@type":"ImageObject","inLanguage":"de","@id":"https:\/\/www.freiraum-gestalten-menden.de\/Web\/die-kuenstler\/#primaryimage","url":"https:\/\/www.freiraum-gestalten-menden.de\/Web\/wp-content\/uploads\/2024\/04\/FRG-AW.jpg","contentUrl":"https:\/\/www.freiraum-gestalten-menden.de\/Web\/wp-content\/uploads\/2024\/04\/FRG-AW.jpg","width":1920,"height":709},{"@type":"BreadcrumbList","@id":"https:\/\/www.freiraum-gestalten-menden.de\/Web\/die-kuenstler\/#breadcrumb","itemListElement":[{"@type":"ListItem","position":1,"name":"Startseite","item":"https:\/\/www.freiraum-gestalten-menden.de\/Web\/"},{"@type":"ListItem","position":2,"name":"Die K\u00fcnstler"}]},{"@type":"WebSite","@id":"https:\/\/www.freiraum-gestalten-menden.de\/Web\/#website","url":"https:\/\/www.freiraum-gestalten-menden.de\/Web\/","name":"Freiraum Gestalten Menden","description":"Gemeinschaft Mendener K\u00fcnstler","publisher":{"@id":"https:\/\/www.freiraum-gestalten-menden.de\/Web\/#organization"},"potentialAction":[{"@type":"SearchAction","target":{"@type":"EntryPoint","urlTemplate":"https:\/\/www.freiraum-gestalten-menden.de\/Web\/?s={search_term_string}"},"query-input":{"@type":"PropertyValueSpecification","valueRequired":true,"valueName":"search_term_string"}}],"inLanguage":"de"},{"@type":"Organization","@id":"https:\/\/www.freiraum-gestalten-menden.de\/Web\/#organization","name":"Freiraum Gestalten Menden","url":"https:\/\/www.freiraum-gestalten-menden.de\/Web\/","logo":{"@type":"ImageObject","inLanguage":"de","@id":"https:\/\/www.freiraum-gestalten-menden.de\/Web\/#\/schema\/logo\/image\/","url":"https:\/\/www.freiraum-gestalten-menden.de\/Web\/wp-content\/uploads\/2024\/04\/FRG-FB-G.jpg","contentUrl":"https:\/\/www.freiraum-gestalten-menden.de\/Web\/wp-content\/uploads\/2024\/04\/FRG-FB-G.jpg","width":1181,"height":1181,"caption":"Freiraum Gestalten Menden"},"image":{"@id":"https:\/\/www.freiraum-gestalten-menden.de\/Web\/#\/schema\/logo\/image\/"},"sameAs":["https:\/\/www.facebook.com\/FreiraumGestaltenMenden"]}]}},"_links":{"self":[{"href":"https:\/\/www.freiraum-gestalten-menden.de\/Web\/wp-json\/wp\/v2\/pages\/14"}],"collection":[{"href":"https:\/\/www.freiraum-gestalten-menden.de\/Web\/wp-json\/wp\/v2\/pages"}],"about":[{"href":"https:\/\/www.freiraum-gestalten-menden.de\/Web\/wp-json\/wp\/v2\/types\/page"}],"author":[{"embeddable":true,"href":"https:\/\/www.freiraum-gestalten-menden.de\/Web\/wp-json\/wp\/v2\/users\/1"}],"replies":[{"embeddable":true,"href":"https:\/\/www.freiraum-gestalten-menden.de\/Web\/wp-json\/wp\/v2\/comments?post=14"}],"version-history":[{"count":0,"href":"https:\/\/www.freiraum-gestalten-menden.de\/Web\/wp-json\/wp\/v2\/pages\/14\/revisions"}],"wp:attachment":[{"href":"https:\/\/www.freiraum-gestalten-menden.de\/Web\/wp-json\/wp\/v2\/media?parent=14"}],"curies":[{"name":"wp","href":"https:\/\/api.w.org\/{rel}","templated":true}]}}